{"id":6003,"date":"2025-06-01T21:52:43","date_gmt":"2025-06-01T21:52:43","guid":{"rendered":"https:\/\/sb.allissingular.com\/services-de-pompes-funebres\/"},"modified":"2025-06-30T16:09:52","modified_gmt":"2025-06-30T16:09:52","slug":"services-de-pompes-funebres","status":"publish","type":"page","link":"https:\/\/santosebarbara.pt\/fr\/services-de-pompes-funebres\/","title":{"rendered":"Services Fun\u00e9raires"},"content":{"rendered":"<div class=\"hidden wp-block-post-excerpt\"><p class=\"wp-block-post-excerpt__excerpt\">Lorsqu\u2019un moment de deuil survient, il est important d\u2019avoir \u00e0 vos c\u00f4t\u00e9s des professionnels en qui vous pouvez avoir confiance. <\/p><\/div>\n<div class=\"wp-block-uagb-container uagb-block-43164235 alignfull uagb-is-root-container\"><div class=\"uagb-container-inner-blocks-wrap\">\n<p>Peu importe votre religion ou votre culture, le d\u00e9part d\u2019un \u00eatre cher est toujours un moment de grande douleur et de fragilit\u00e9. C&rsquo;est pourquoi il est essentiel de pouvoir compter sur une entreprise sp\u00e9cialis\u00e9e dans les services fun\u00e9raires, pr\u00eate \u00e0 prendre en charge toutes les d\u00e9marches administratives, y compris le <a href=\"#transladacao\">service de transfert<\/a> vers et depuis n&rsquo;importe quel endroit du monde, mais aussi l&rsquo;ensemble de la c\u00e9r\u00e9monie, du simple choix d&rsquo;une couronne \u00e0 l&rsquo;achat et \u00e0 l&rsquo;entretien de la tombe ou du caveau.<\/p>\n\n\n\n<p>Nos dizaines d\u2019ann\u00e9es d\u2019exp\u00e9rience nous permettent d\u2019anticiper les solutions et d\u2019all\u00e9ger le stress de ce triste \u00e9v\u00e8nement car vous pourrez compter sur une \u00e9quipe de personnel sp\u00e9cialis\u00e9 qui vous offre un service personnalis\u00e9, rapide et comp\u00e9tent.<\/p>\n<\/div><\/div>\n\n<div class=\"wp-block-uagb-container uagb-block-4147d0c2 alignwide uagb-is-root-container\">\n<div class=\"wp-block-uagb-container uagb-block-4fb359cb\">\n<figure class=\"wp-block-image size-full\"><img loading=\"lazy\" decoding=\"async\" width=\"400\" height=\"400\" src=\"https:\/\/santosebarbara.pt\/wp-content\/uploads\/2019\/12\/inumacao_SantosBarbara_400x400.jpg\" alt=\"\" class=\"wp-image-2167\" srcset=\"https:\/\/santosebarbara.pt\/wp-content\/uploads\/2019\/12\/inumacao_SantosBarbara_400x400.jpg 400w, https:\/\/santosebarbara.pt\/wp-content\/uploads\/2019\/12\/inumacao_SantosBarbara_400x400-300x300.jpg 300w, https:\/\/santosebarbara.pt\/wp-content\/uploads\/2019\/12\/inumacao_SantosBarbara_400x400-150x150.jpg 150w\" sizes=\"auto, (max-width: 400px) 100vw, 400px\" \/><\/figure>\n<\/div>\n\n\n\n<div class=\"wp-block-uagb-container uagb-block-b77776d5\">\n<h2 class=\"wp-block-heading\" id=\"inumacao\">Inhumation<\/h2>\n\n\n\n<p>Selon les circonstances du d\u00e9c\u00e8s, diff\u00e9rentes <a href=\"https:\/\/santosebarbara.pt\/fr\/informations-utiles\/\" data-type=\"page\" data-id=\"5361\">obligation l\u00e9gales<\/a> doivent \u00eatre remplies.<\/p>\n\n\n\n<p>A ces obligations l\u00e9gales s\u2019ajoute la pr\u00e9paration de la c\u00e9r\u00e9monie, o\u00f9 divers aspects doivent \u00eatre d\u00e9finis tels que le type de tombe (concession temporaire ou perp\u00e9tuelle), cercueil, service religieux, les fleurs et autres. Vous pouvez compter sur nous pour organiser et coordonner toutes les \u00e9tapes des obs\u00e8ques. Nous sommes \u00e0 votre \u00e9coute et essayons de r\u00e9aliser tous vos souhaits.  <\/p>\n<\/div>\n<\/div>\n\n<hr class=\"wp-block-separator has-text-color has-alpha-channel-opacity has-background is-style-wide\" style=\"background-color:#e4e7e8;color:#e4e7e8\"\/>\n\n<div class=\"wp-block-uagb-container uagb-block-3d64a0a0 alignwide uagb-is-root-container\">\n<div class=\"wp-block-uagb-container uagb-block-764659fa\">\n<h2 class=\"wp-block-heading\" id=\"cremacao\">Cr\u00e9mation<\/h2>\n\n\n\n<p>En bref, la cr\u00e9mation est le processus qui consiste \u00e0 r\u00e9duire un cadavre ou des os en cendres. Elle est r\u00e9alis\u00e9e dans des fours cr\u00e9matoires construits exclusivement dans ce but. Actuellement, ce type d\u2019obs\u00e8ques est de plus en plus demand\u00e9 en raison de plusieurs facteurs : r\u00e9duction des risques environnementaux li\u00e9s \u00e0 l\u2019inhumation, manque d\u2019espace dans les cimeti\u00e8res, intention des membres de la famille de conserver les cendres. <\/p>\n\n\n\n<p>Chez Santos &amp; B\u00e1rbara, nous sommes pr\u00eats \u00e0 fournir un service fun\u00e9raire complet pour la cr\u00e9mation, de la veill\u00e9e aux c\u00e9r\u00e9monies fun\u00e9raires, qu&rsquo;elles soient religieuses ou non, avec la remise des cendres dans une petite urne ou un pot choisi dans notre vaste <a href=\"https:\/\/santosebarbara.pt\/fr\/catalogue\/\" data-type=\"page\" data-id=\"5415\">catalogue de produits.<\/a><\/p>\n<\/div>\n\n\n\n<div class=\"wp-block-uagb-container uagb-block-72fef291\">\n<figure class=\"wp-block-image size-full\"><img loading=\"lazy\" decoding=\"async\" width=\"400\" height=\"400\" src=\"https:\/\/santosebarbara.pt\/wp-content\/uploads\/2019\/12\/cremacao_SantosBarbara_400x400.jpg\" alt=\"\" class=\"wp-image-2170\" srcset=\"https:\/\/santosebarbara.pt\/wp-content\/uploads\/2019\/12\/cremacao_SantosBarbara_400x400.jpg 400w, https:\/\/santosebarbara.pt\/wp-content\/uploads\/2019\/12\/cremacao_SantosBarbara_400x400-300x300.jpg 300w, https:\/\/santosebarbara.pt\/wp-content\/uploads\/2019\/12\/cremacao_SantosBarbara_400x400-150x150.jpg 150w\" sizes=\"auto, (max-width: 400px) 100vw, 400px\" \/><\/figure>\n<\/div>\n<\/div>\n\n<hr class=\"wp-block-separator has-text-color has-alpha-channel-opacity has-background is-style-wide\" style=\"background-color:#e4e7e8;color:#e4e7e8\"\/>\n\n<div class=\"wp-block-uagb-container uagb-block-8487bfe0 alignwide uagb-is-root-container\">\n<div class=\"wp-block-uagb-container uagb-block-4c61443c\">\n<figure class=\"wp-block-image size-full\"><img loading=\"lazy\" decoding=\"async\" width=\"400\" height=\"400\" src=\"https:\/\/santosebarbara.pt\/wp-content\/uploads\/2019\/12\/trasladacao_SantosBarbara_400x400.jpg\" alt=\"\" class=\"wp-image-2173\" srcset=\"https:\/\/santosebarbara.pt\/wp-content\/uploads\/2019\/12\/trasladacao_SantosBarbara_400x400.jpg 400w, https:\/\/santosebarbara.pt\/wp-content\/uploads\/2019\/12\/trasladacao_SantosBarbara_400x400-300x300.jpg 300w, https:\/\/santosebarbara.pt\/wp-content\/uploads\/2019\/12\/trasladacao_SantosBarbara_400x400-150x150.jpg 150w\" sizes=\"auto, (max-width: 400px) 100vw, 400px\" \/><\/figure>\n<\/div>\n\n\n\n<div class=\"wp-block-uagb-container uagb-block-50ea7d0c\">\n<h2 class=\"wp-block-heading\" id=\"trasladacao\">Transferts<\/h2>\n\n\n\n<p>Transf\u00e9rer signifie transporter la d\u00e9pouille mortelle (cadavre \/ os \/ cendres), dans le but d\u2019\u00eatre d\u00e9pos\u00e9e dans un caveau ou une tombe, incin\u00e9r\u00e9e ou plac\u00e9e dans un ossuaire.<\/p>\n\n\n\n<p>Tous les transferts doivent \u00eatre accompagn\u00e9s des pi\u00e8ces n\u00e9cessaires et effectu\u00e9s par l\u2019interm\u00e9diaire d\u2019une agence de pompes fun\u00e8bres.<\/p>\n\n\n\n<p>Il s\u2019agit d\u2019un processus d\u00e9licat pour la famille et les amis de la personne d\u00e9c\u00e9d\u00e9e ; il devra donc \u00eatre trait\u00e9 par des professionnels dont l\u2019attitude garantit le respect et la discr\u00e9tion. En plus du contact avec l\u2019administration des cimeti\u00e8res concern\u00e9s, avec les services municipaux et autres, Santos &amp; B\u00e1rbara s\u2019occupe de la gestion du processus et du transport, national ou international, de la production de plaques comm\u00e9moratives, et m\u00eame de l\u2019organisation d\u2019une c\u00e9r\u00e9monie ou de la c\u00e9l\u00e9bration en m\u00e9moire du d\u00e9funt. <\/p>\n<\/div>\n<\/div>\n\n<hr class=\"wp-block-separator has-text-color has-alpha-channel-opacity has-background is-style-wide\" style=\"background-color:#e4e7e8;color:#e4e7e8\"\/>\n\n<div class=\"wp-block-uagb-container uagb-block-48454ffa alignwide uagb-is-root-container\">\n<div class=\"wp-block-uagb-container uagb-block-982f1752\">\n<h2 class=\"wp-block-heading\">Exhumation<\/h2>\n\n\n\n<p>Apr\u00e8s la p\u00e9riode l\u00e9gale d\u2019inhumation dans une tombe temporaire (jamais moins de trois ans), les os peuvent \u00eatre retir\u00e9s : c\u2019est l\u2019exhumation. Plusieurs raisons expliquent la n\u00e9cessit\u00e9 de proc\u00e9der \u00e0 cette exhumation : transf\u00e9rer les os \u00e0 l\u2019int\u00e9rieur et dans un autre cimeti\u00e8re, proc\u00e9der \u00e0 la cr\u00e9mation et entreposer les cendres. <\/p>\n\n\n\n<p>Santos &amp; Barbara dispose de professionnels sp\u00e9cialis\u00e9s dans les d\u00e9marches aupr\u00e8s des autorit\u00e9s officielles et des services techniques pour l&rsquo;ex\u00e9cution des actes. <a href=\"https:\/\/santosebarbara.pt\/fr\/contacts\/\" data-type=\"page\" data-id=\"5450\">Faites-nous part de vos besoins<\/a> et soyez assur\u00e9s que tout sera trait\u00e9 selon vos besoins et dans le respect du code d&rsquo;\u00e9thique le plus strict.<\/p>\n<\/div>\n\n\n\n<div class=\"wp-block-uagb-container uagb-block-2e7710f5\">\n<figure class=\"wp-block-image size-full\"><img loading=\"lazy\" decoding=\"async\" width=\"400\" height=\"400\" src=\"https:\/\/santosebarbara.pt\/wp-content\/uploads\/2019\/12\/exumacao_SantosBarbara_400x400.jpg\" alt=\"\" class=\"wp-image-2176\" srcset=\"https:\/\/santosebarbara.pt\/wp-content\/uploads\/2019\/12\/exumacao_SantosBarbara_400x400.jpg 400w, https:\/\/santosebarbara.pt\/wp-content\/uploads\/2019\/12\/exumacao_SantosBarbara_400x400-300x300.jpg 300w, https:\/\/santosebarbara.pt\/wp-content\/uploads\/2019\/12\/exumacao_SantosBarbara_400x400-150x150.jpg 150w\" sizes=\"auto, (max-width: 400px) 100vw, 400px\" \/><\/figure>\n<\/div>\n<\/div>\n\n<hr class=\"wp-block-separator has-text-color has-alpha-channel-opacity has-background is-style-wide\" style=\"background-color:#e4e7e8;color:#e4e7e8\"\/>\n\n<div class=\"wp-block-uagb-container uagb-block-2f2ff428 alignwide uagb-is-root-container\">\n<div class=\"wp-block-uagb-container uagb-block-6706bfbf\">\n<figure class=\"wp-block-image size-full\"><img loading=\"lazy\" decoding=\"async\" width=\"178\" height=\"112\" src=\"https:\/\/santosebarbara.pt\/wp-content\/uploads\/2019\/07\/SBSI-Logotipo.jpg\" alt=\"\" class=\"wp-image-1258\"\/><\/figure>\n<\/div>\n\n\n\n<div class=\"wp-block-uagb-container uagb-block-5fda46eb\">\n<h4 class=\"wp-block-heading\">R\u00e9ductions pour les membres du Sindicato dos Banc\u00e1rios do Sul e Ilhas.<\/h4>\n\n\n\n<p>Les membres du SBSI b\u00e9n\u00e9ficient d\u2019une r\u00e9duction de 10 % sur le tarif actuel de la prestation de services et la vente d\u2019articles religieux, l\u2019entretien et le nettoyage des tombes et caveaux.<\/p>\n<\/div>\n<\/div>\n","protected":false},"excerpt":{"rendered":"<p>Lorsqu\u2019un moment de deuil survient, il est important d\u2019avoir \u00e0 vos c\u00f4t\u00e9s des professionnels en qui vous pouvez avoir confiance.<\/p>\n","protected":false},"author":1,"featured_media":6219,"parent":0,"menu_order":0,"comment_status":"closed","ping_status":"closed","template":"","meta":{"_uag_custom_page_level_css":"","site-sidebar-layout":"default","site-content-layout":"","ast-site-content-layout":"","site-content-style":"default","site-sidebar-style":"default","ast-global-header-display":"","ast-banner-title-visibility":"","ast-main-header-display":"","ast-hfb-above-header-display":"","ast-hfb-below-header-display":"","ast-hfb-mobile-header-display":"","site-post-title":"disabled","ast-breadcrumbs-content":"","ast-featured-img":"","footer-sml-layout":"","theme-transparent-header-meta":"","adv-header-id-meta":"","stick-header-meta":"","header-above-stick-meta":"","header-main-stick-meta":"","header-below-stick-meta":"","astra-migrate-meta-layouts":"default","ast-page-background-enabled":"default","ast-page-background-meta":{"desktop":{"background-color":"var(--ast-global-color-5)","background-image":"","background-repeat":"repeat","background-position":"center center","background-size":"auto","background-attachment":"scroll","background-type":"","background-media":"","overlay-type":"","overlay-color":"","overlay-opacity":"","overlay-gradient":""},"tablet":{"background-color":"","background-image":"","background-repeat":"repeat","background-position":"center center","background-size":"auto","background-attachment":"scroll","background-type":"","background-media":"","overlay-type":"","overlay-color":"","overlay-opacity":"","overlay-gradient":""},"mobile":{"background-color":"","background-image":"","background-repeat":"repeat","background-position":"center center","background-size":"auto","background-attachment":"scroll","background-type":"","background-media":"","overlay-type":"","overlay-color":"","overlay-opacity":"","overlay-gradient":""}},"ast-content-background-meta":{"desktop":{"background-color":"var(--ast-global-color-4)","background-image":"","background-repeat":"repeat","background-position":"center center","background-size":"auto","background-attachment":"scroll","background-type":"","background-media":"","overlay-type":"","overlay-color":"","overlay-opacity":"","overlay-gradient":""},"tablet":{"background-color":"var(--ast-global-color-4)","background-image":"","background-repeat":"repeat","background-position":"center center","background-size":"auto","background-attachment":"scroll","background-type":"","background-media":"","overlay-type":"","overlay-color":"","overlay-opacity":"","overlay-gradient":""},"mobile":{"background-color":"var(--ast-global-color-4)","background-image":"","background-repeat":"repeat","background-position":"center center","background-size":"auto","background-attachment":"scroll","background-type":"","background-media":"","overlay-type":"","overlay-color":"","overlay-opacity":"","overlay-gradient":""}},"footnotes":""},"class_list":["post-6003","page","type-page","status-publish","has-post-thumbnail","hentry"],"yoast_head":"<!-- This site is optimized with the Yoast SEO plugin v26.0 - https:\/\/yoast.com\/wordpress\/plugins\/seo\/ -->\n<title>Services Fun\u00e9raires - Santos e B\u00e1rbara<\/title>\n<meta name=\"robots\" content=\"index, follow, max-snippet:-1, max-image-preview:large, max-video-preview:-1\" \/>\n<link rel=\"canonical\" href=\"https:\/\/santosebarbara.pt\/fr\/services-de-pompes-funebres\/\" \/>\n<meta property=\"og:locale\" content=\"fr_FR\" \/>\n<meta property=\"og:type\" content=\"article\" \/>\n<meta property=\"og:title\" content=\"Services Fun\u00e9raires - Santos e B\u00e1rbara\" \/>\n<meta property=\"og:description\" content=\"Lorsqu\u2019un moment de deuil survient, il est important d\u2019avoir \u00e0 vos c\u00f4t\u00e9s des professionnels en qui vous pouvez avoir confiance.\" \/>\n<meta property=\"og:url\" content=\"https:\/\/santosebarbara.pt\/fr\/services-de-pompes-funebres\/\" \/>\n<meta property=\"og:site_name\" content=\"Santos e B\u00e1rbara\" \/>\n<meta property=\"article:modified_time\" content=\"2025-06-30T16:09:52+00:00\" \/>\n<meta property=\"og:image\" content=\"https:\/\/santosebarbara.pt\/wp-content\/uploads\/2025\/06\/servicos-funerarios-crop-scaled.jpg\" \/>\n\t<meta property=\"og:image:width\" content=\"2560\" \/>\n\t<meta property=\"og:image:height\" content=\"1280\" \/>\n\t<meta property=\"og:image:type\" content=\"image\/jpeg\" \/>\n<meta name=\"twitter:card\" content=\"summary_large_image\" \/>\n<meta name=\"twitter:label1\" content=\"Dur\u00e9e de lecture estim\u00e9e\" \/>\n\t<meta name=\"twitter:data1\" content=\"3 minutes\" \/>\n<script type=\"application\/ld+json\" class=\"yoast-schema-graph\">{\"@context\":\"https:\/\/schema.org\",\"@graph\":[{\"@type\":\"WebPage\",\"@id\":\"https:\/\/santosebarbara.pt\/fr\/services-de-pompes-funebres\/\",\"url\":\"https:\/\/santosebarbara.pt\/fr\/services-de-pompes-funebres\/\",\"name\":\"Services Fun\u00e9raires - Santos e B\u00e1rbara\",\"isPartOf\":{\"@id\":\"https:\/\/santosebarbara.pt\/fr\/#website\"},\"primaryImageOfPage\":{\"@id\":\"https:\/\/santosebarbara.pt\/fr\/services-de-pompes-funebres\/#primaryimage\"},\"image\":{\"@id\":\"https:\/\/santosebarbara.pt\/fr\/services-de-pompes-funebres\/#primaryimage\"},\"thumbnailUrl\":\"https:\/\/santosebarbara.pt\/wp-content\/uploads\/2025\/06\/servicos-funerarios-crop-scaled.jpg\",\"datePublished\":\"2025-06-01T21:52:43+00:00\",\"dateModified\":\"2025-06-30T16:09:52+00:00\",\"breadcrumb\":{\"@id\":\"https:\/\/santosebarbara.pt\/fr\/services-de-pompes-funebres\/#breadcrumb\"},\"inLanguage\":\"fr-FR\",\"potentialAction\":[{\"@type\":\"ReadAction\",\"target\":[\"https:\/\/santosebarbara.pt\/fr\/services-de-pompes-funebres\/\"]}]},{\"@type\":\"ImageObject\",\"inLanguage\":\"fr-FR\",\"@id\":\"https:\/\/santosebarbara.pt\/fr\/services-de-pompes-funebres\/#primaryimage\",\"url\":\"https:\/\/santosebarbara.pt\/wp-content\/uploads\/2025\/06\/servicos-funerarios-crop-scaled.jpg\",\"contentUrl\":\"https:\/\/santosebarbara.pt\/wp-content\/uploads\/2025\/06\/servicos-funerarios-crop-scaled.jpg\",\"width\":2560,\"height\":1280},{\"@type\":\"BreadcrumbList\",\"@id\":\"https:\/\/santosebarbara.pt\/fr\/services-de-pompes-funebres\/#breadcrumb\",\"itemListElement\":[{\"@type\":\"ListItem\",\"position\":1,\"name\":\"Home\",\"item\":\"https:\/\/santosebarbara.pt\/fr\/\"},{\"@type\":\"ListItem\",\"position\":2,\"name\":\"Services Fun\u00e9raires\"}]},{\"@type\":\"WebSite\",\"@id\":\"https:\/\/santosebarbara.pt\/fr\/#website\",\"url\":\"https:\/\/santosebarbara.pt\/fr\/\",\"name\":\"Santos e B\u00e1rbara\",\"description\":\"\",\"publisher\":{\"@id\":\"https:\/\/santosebarbara.pt\/fr\/#organization\"},\"potentialAction\":[{\"@type\":\"SearchAction\",\"target\":{\"@type\":\"EntryPoint\",\"urlTemplate\":\"https:\/\/santosebarbara.pt\/fr\/?s={search_term_string}\"},\"query-input\":{\"@type\":\"PropertyValueSpecification\",\"valueRequired\":true,\"valueName\":\"search_term_string\"}}],\"inLanguage\":\"fr-FR\"},{\"@type\":\"Organization\",\"@id\":\"https:\/\/santosebarbara.pt\/fr\/#organization\",\"name\":\"Santos e B\u00e1rbara\",\"url\":\"https:\/\/santosebarbara.pt\/fr\/\",\"logo\":{\"@type\":\"ImageObject\",\"inLanguage\":\"fr-FR\",\"@id\":\"https:\/\/santosebarbara.pt\/fr\/#\/schema\/logo\/image\/\",\"url\":\"https:\/\/santosebarbara.pt\/wp-content\/uploads\/2019\/05\/01.SantosBarbara_RGB_v2-2.png\",\"contentUrl\":\"https:\/\/santosebarbara.pt\/wp-content\/uploads\/2019\/05\/01.SantosBarbara_RGB_v2-2.png\",\"width\":708,\"height\":221,\"caption\":\"Santos e B\u00e1rbara\"},\"image\":{\"@id\":\"https:\/\/santosebarbara.pt\/fr\/#\/schema\/logo\/image\/\"}}]}<\/script>\n<!-- \/ Yoast SEO plugin. -->","yoast_head_json":{"title":"Services Fun\u00e9raires - Santos e B\u00e1rbara","robots":{"index":"index","follow":"follow","max-snippet":"max-snippet:-1","max-image-preview":"max-image-preview:large","max-video-preview":"max-video-preview:-1"},"canonical":"https:\/\/santosebarbara.pt\/fr\/services-de-pompes-funebres\/","og_locale":"fr_FR","og_type":"article","og_title":"Services Fun\u00e9raires - Santos e B\u00e1rbara","og_description":"Lorsqu\u2019un moment de deuil survient, il est important d\u2019avoir \u00e0 vos c\u00f4t\u00e9s des professionnels en qui vous pouvez avoir confiance.","og_url":"https:\/\/santosebarbara.pt\/fr\/services-de-pompes-funebres\/","og_site_name":"Santos e B\u00e1rbara","article_modified_time":"2025-06-30T16:09:52+00:00","og_image":[{"width":2560,"height":1280,"url":"https:\/\/santosebarbara.pt\/wp-content\/uploads\/2025\/06\/servicos-funerarios-crop-scaled.jpg","type":"image\/jpeg"}],"twitter_card":"summary_large_image","twitter_misc":{"Dur\u00e9e de lecture estim\u00e9e":"3 minutes"},"schema":{"@context":"https:\/\/schema.org","@graph":[{"@type":"WebPage","@id":"https:\/\/santosebarbara.pt\/fr\/services-de-pompes-funebres\/","url":"https:\/\/santosebarbara.pt\/fr\/services-de-pompes-funebres\/","name":"Services Fun\u00e9raires - Santos e B\u00e1rbara","isPartOf":{"@id":"https:\/\/santosebarbara.pt\/fr\/#website"},"primaryImageOfPage":{"@id":"https:\/\/santosebarbara.pt\/fr\/services-de-pompes-funebres\/#primaryimage"},"image":{"@id":"https:\/\/santosebarbara.pt\/fr\/services-de-pompes-funebres\/#primaryimage"},"thumbnailUrl":"https:\/\/santosebarbara.pt\/wp-content\/uploads\/2025\/06\/servicos-funerarios-crop-scaled.jpg","datePublished":"2025-06-01T21:52:43+00:00","dateModified":"2025-06-30T16:09:52+00:00","breadcrumb":{"@id":"https:\/\/santosebarbara.pt\/fr\/services-de-pompes-funebres\/#breadcrumb"},"inLanguage":"fr-FR","potentialAction":[{"@type":"ReadAction","target":["https:\/\/santosebarbara.pt\/fr\/services-de-pompes-funebres\/"]}]},{"@type":"ImageObject","inLanguage":"fr-FR","@id":"https:\/\/santosebarbara.pt\/fr\/services-de-pompes-funebres\/#primaryimage","url":"https:\/\/santosebarbara.pt\/wp-content\/uploads\/2025\/06\/servicos-funerarios-crop-scaled.jpg","contentUrl":"https:\/\/santosebarbara.pt\/wp-content\/uploads\/2025\/06\/servicos-funerarios-crop-scaled.jpg","width":2560,"height":1280},{"@type":"BreadcrumbList","@id":"https:\/\/santosebarbara.pt\/fr\/services-de-pompes-funebres\/#breadcrumb","itemListElement":[{"@type":"ListItem","position":1,"name":"Home","item":"https:\/\/santosebarbara.pt\/fr\/"},{"@type":"ListItem","position":2,"name":"Services Fun\u00e9raires"}]},{"@type":"WebSite","@id":"https:\/\/santosebarbara.pt\/fr\/#website","url":"https:\/\/santosebarbara.pt\/fr\/","name":"Santos e B\u00e1rbara","description":"","publisher":{"@id":"https:\/\/santosebarbara.pt\/fr\/#organization"},"potentialAction":[{"@type":"SearchAction","target":{"@type":"EntryPoint","urlTemplate":"https:\/\/santosebarbara.pt\/fr\/?s={search_term_string}"},"query-input":{"@type":"PropertyValueSpecification","valueRequired":true,"valueName":"search_term_string"}}],"inLanguage":"fr-FR"},{"@type":"Organization","@id":"https:\/\/santosebarbara.pt\/fr\/#organization","name":"Santos e B\u00e1rbara","url":"https:\/\/santosebarbara.pt\/fr\/","logo":{"@type":"ImageObject","inLanguage":"fr-FR","@id":"https:\/\/santosebarbara.pt\/fr\/#\/schema\/logo\/image\/","url":"https:\/\/santosebarbara.pt\/wp-content\/uploads\/2019\/05\/01.SantosBarbara_RGB_v2-2.png","contentUrl":"https:\/\/santosebarbara.pt\/wp-content\/uploads\/2019\/05\/01.SantosBarbara_RGB_v2-2.png","width":708,"height":221,"caption":"Santos e B\u00e1rbara"},"image":{"@id":"https:\/\/santosebarbara.pt\/fr\/#\/schema\/logo\/image\/"}}]}},"uagb_featured_image_src":{"full":["https:\/\/santosebarbara.pt\/wp-content\/uploads\/2025\/06\/servicos-funerarios-crop-scaled.jpg",2560,1280,false],"thumbnail":["https:\/\/santosebarbara.pt\/wp-content\/uploads\/2025\/06\/servicos-funerarios-crop-150x150.jpg",150,150,true],"medium":["https:\/\/santosebarbara.pt\/wp-content\/uploads\/2025\/06\/servicos-funerarios-crop-300x150.jpg",300,150,true],"medium_large":["https:\/\/santosebarbara.pt\/wp-content\/uploads\/2025\/06\/servicos-funerarios-crop-768x384.jpg",768,384,true],"large":["https:\/\/santosebarbara.pt\/wp-content\/uploads\/2025\/06\/servicos-funerarios-crop-1024x512.jpg",1024,512,true],"1536x1536":["https:\/\/santosebarbara.pt\/wp-content\/uploads\/2025\/06\/servicos-funerarios-crop-1536x768.jpg",1536,768,true],"2048x2048":["https:\/\/santosebarbara.pt\/wp-content\/uploads\/2025\/06\/servicos-funerarios-crop-2048x1024.jpg",2048,1024,true]},"uagb_author_info":{"display_name":"admin","author_link":"https:\/\/santosebarbara.pt\/fr\/author\/ais_admin\/"},"uagb_comment_info":0,"uagb_excerpt":"Lorsqu\u2019un moment de deuil survient, il est important d\u2019avoir \u00e0 vos c\u00f4t\u00e9s des professionnels en qui vous pouvez avoir confiance.","_links":{"self":[{"href":"https:\/\/santosebarbara.pt\/fr\/wp-json\/wp\/v2\/pages\/6003","targetHints":{"allow":["GET"]}}],"collection":[{"href":"https:\/\/santosebarbara.pt\/fr\/wp-json\/wp\/v2\/pages"}],"about":[{"href":"https:\/\/santosebarbara.pt\/fr\/wp-json\/wp\/v2\/types\/page"}],"author":[{"embeddable":true,"href":"https:\/\/santosebarbara.pt\/fr\/wp-json\/wp\/v2\/users\/1"}],"replies":[{"embeddable":true,"href":"https:\/\/santosebarbara.pt\/fr\/wp-json\/wp\/v2\/comments?post=6003"}],"version-history":[{"count":0,"href":"https:\/\/santosebarbara.pt\/fr\/wp-json\/wp\/v2\/pages\/6003\/revisions"}],"wp:featuredmedia":[{"embeddable":true,"href":"https:\/\/santosebarbara.pt\/fr\/wp-json\/wp\/v2\/media\/6219"}],"wp:attachment":[{"href":"https:\/\/santosebarbara.pt\/fr\/wp-json\/wp\/v2\/media?parent=6003"}],"curies":[{"name":"wp","href":"https:\/\/api.w.org\/{rel}","templated":true}]}}