{"id":6007,"date":"2025-06-01T22:26:19","date_gmt":"2025-06-01T22:26:19","guid":{"rendered":"https:\/\/sb.allissingular.com\/autres-services\/"},"modified":"2025-07-14T12:22:29","modified_gmt":"2025-07-14T12:22:29","slug":"autres-services","status":"publish","type":"page","link":"https:\/\/santosebarbara.pt\/fr\/autres-services\/","title":{"rendered":"Autres Services"},"content":{"rendered":"<div class=\"hidden wp-block-post-excerpt\"><p class=\"wp-block-post-excerpt__excerpt\">De la thanatopraxie au soutien dans les formalit\u00e9s et les papiers, nous vous proposons des prestations bas\u00e9es sur les meilleures pratiques&#8230; <\/p><\/div>\n<div class=\"wp-block-uagb-container uagb-block-ab44b056 alignfull uagb-is-root-container\"><div class=\"uagb-container-inner-blocks-wrap\">\n<p>Santos &amp; B\u00e1rbara propose une vaste gamme de services comprenant les d\u00e9marches administratives, les n\u00e9crologies, la planification de la c\u00e9r\u00e9monie et des actes symboliques et l\u2019organisation des obs\u00e8ques. De m\u00eame, la soci\u00e9t\u00e9 vous propose de nombreuses prestations sp\u00e9cialis\u00e9es et innovatrices.<\/p>\n<\/div><\/div>\n\n<div class=\"wp-block-uagb-container uagb-block-6ae2d7c9 alignwide uagb-is-root-container\">\n<div class=\"wp-block-uagb-container uagb-block-6706bfbf\">\n<h2 class=\"wp-block-heading\">Thanatopraxie<\/h2>\n\n\n\n<p>Technique qui travaille la physionomie du cadavre pour lui donner une apparence saine.<\/p>\n<\/div>\n\n\n\n<div class=\"wp-block-uagb-container uagb-block-1ee0e36b\">\n<h2 class=\"wp-block-heading\">Thanatoesth\u00e9tique<\/h2>\n\n\n\n<p>Technique de maquillage pour le visage et caract\u00e9risation des traits individuels du cadavre, afin qu\u2019il soit ressemble le plus possible \u00e0 la personne vivante.<\/p>\n<\/div>\n<\/div>\n\n<hr class=\"wp-block-separator has-text-color has-alpha-channel-opacity has-background is-style-wide uag-hide-mob\" style=\"background-color:#e4e7e8;color:#e4e7e8\"\/>\n\n<div class=\"wp-block-uagb-container uagb-block-c0cf538b alignwide uagb-is-root-container\">\n<div class=\"wp-block-uagb-container uagb-block-836e96e5\">\n<h2 class=\"wp-block-heading\">Embaumement<\/h2>\n\n\n\n<p>Technique de pr\u00e9servation et de conservation des cadavres.<\/p>\n<\/div>\n\n\n\n<div class=\"wp-block-uagb-container uagb-block-0faf2269\">\n<h2 class=\"wp-block-heading\">C\u00e9r\u00e9monie<\/h2>\n\n\n\n<p>Nous nous occupons des contacts avec les cimeti\u00e8res et les cr\u00e9matoriums, ainsi que de la r\u00e9servation des espaces fun\u00e9raires, de la chapelle et des \u00e9glises.<\/p>\n<\/div>\n<\/div>\n\n<hr class=\"wp-block-separator has-text-color has-alpha-channel-opacity has-background is-style-wide uag-hide-mob\" style=\"background-color:#e4e7e8;color:#e4e7e8\"\/>\n\n<div class=\"wp-block-uagb-container uagb-block-2f2ff428 alignwide uagb-is-root-container\">\n<div class=\"wp-block-uagb-container uagb-block-cdcc3c8c\">\n<h2 class=\"wp-block-heading\">V\u00e9hicules fun\u00e9raires<\/h2>\n\n\n\n<p>Nous disposons de plusieurs v\u00e9hicules personnalis\u00e9s, avec climatisation et confort maximum.<\/p>\n<\/div>\n\n\n\n<div class=\"wp-block-uagb-container uagb-block-d7e50572\">\n<h2 class=\"wp-block-heading\">Fleuriste<\/h2>\n\n\n\n<p>Santos &amp; Barbara a \u00e9tabli des protocoles avec plusieurs fleuristes pour s\u2019occuper de la d\u00e9coration de la chapelle ou d\u2019autres espaces et fournir toutes sortes d\u2019arrangements floraux.<\/p>\n<\/div>\n<\/div>\n\n<hr class=\"wp-block-separator has-text-color has-alpha-channel-opacity has-background is-style-wide uag-hide-mob\" style=\"background-color:#e4e7e8;color:#e4e7e8\"\/>\n\n<div class=\"wp-block-uagb-container uagb-block-095413ff alignwide uagb-is-root-container\">\n<div class=\"wp-block-uagb-container uagb-block-63e76198\">\n<h2 class=\"wp-block-heading\">Entretien des tombes et caveaux familiaux<\/h2>\n\n\n\n<p>Santos &amp; B\u00e1rbara a des protocoles avec des plates-bandes sp\u00e9cialis\u00e9s dans l\u2019\u00e9tude, l\u2019ex\u00e9cution, la maintenance et le nettoyage des pierres tombales, des tombes et d\u00eas caveaux familiaux.<\/p>\n\n\n\n<p>Pour obtenir davantage d\u2019informations, <a href=\"#\">contactez-nous<\/a>!<\/p>\n<\/div>\n\n\n\n<div class=\"wp-block-uagb-container uagb-block-e0415aa6\">\n<h2 class=\"wp-block-heading\">Serein + Plan Fun\u00e9raire<\/h2>\n\n\n\n<p>Parce que prendre soin de l\u2019avenir est un acte d\u2019amour, choisissez l\u2019esprit tranquille et vivez avec la certitude que tout est pr\u00e9par\u00e9.<\/p>\n\n\n\n<p>Avec notre Serein + Plan Fun\u00e9raire, tout est trait\u00e9 avec respect et dignit\u00e9.<\/p>\n<\/div>\n<\/div>\n","protected":false},"excerpt":{"rendered":"<p>De la thanatopraxie au soutien dans les formalit\u00e9s et les papiers, nous vous proposons des prestations bas\u00e9es sur les meilleures pratiques&#8230;<\/p>\n","protected":false},"author":1,"featured_media":6213,"parent":0,"menu_order":0,"comment_status":"closed","ping_status":"closed","template":"","meta":{"_uag_custom_page_level_css":"","site-sidebar-layout":"default","site-content-layout":"","ast-site-content-layout":"","site-content-style":"default","site-sidebar-style":"default","ast-global-header-display":"","ast-banner-title-visibility":"","ast-main-header-display":"","ast-hfb-above-header-display":"","ast-hfb-below-header-display":"","ast-hfb-mobile-header-display":"","site-post-title":"disabled","ast-breadcrumbs-content":"","ast-featured-img":"","footer-sml-layout":"","theme-transparent-header-meta":"","adv-header-id-meta":"","stick-header-meta":"","header-above-stick-meta":"","header-main-stick-meta":"","header-below-stick-meta":"","astra-migrate-meta-layouts":"default","ast-page-background-enabled":"default","ast-page-background-meta":{"desktop":{"background-color":"var(--ast-global-color-5)","background-image":"","background-repeat":"repeat","background-position":"center center","background-size":"auto","background-attachment":"scroll","background-type":"","background-media":"","overlay-type":"","overlay-color":"","overlay-opacity":"","overlay-gradient":""},"tablet":{"background-color":"","background-image":"","background-repeat":"repeat","background-position":"center center","background-size":"auto","background-attachment":"scroll","background-type":"","background-media":"","overlay-type":"","overlay-color":"","overlay-opacity":"","overlay-gradient":""},"mobile":{"background-color":"","background-image":"","background-repeat":"repeat","background-position":"center center","background-size":"auto","background-attachment":"scroll","background-type":"","background-media":"","overlay-type":"","overlay-color":"","overlay-opacity":"","overlay-gradient":""}},"ast-content-background-meta":{"desktop":{"background-color":"var(--ast-global-color-4)","background-image":"","background-repeat":"repeat","background-position":"center center","background-size":"auto","background-attachment":"scroll","background-type":"","background-media":"","overlay-type":"","overlay-color":"","overlay-opacity":"","overlay-gradient":""},"tablet":{"background-color":"var(--ast-global-color-4)","background-image":"","background-repeat":"repeat","background-position":"center center","background-size":"auto","background-attachment":"scroll","background-type":"","background-media":"","overlay-type":"","overlay-color":"","overlay-opacity":"","overlay-gradient":""},"mobile":{"background-color":"var(--ast-global-color-4)","background-image":"","background-repeat":"repeat","background-position":"center center","background-size":"auto","background-attachment":"scroll","background-type":"","background-media":"","overlay-type":"","overlay-color":"","overlay-opacity":"","overlay-gradient":""}},"footnotes":""},"class_list":["post-6007","page","type-page","status-publish","has-post-thumbnail","hentry"],"yoast_head":"<!-- This site is optimized with the Yoast SEO plugin v26.0 - https:\/\/yoast.com\/wordpress\/plugins\/seo\/ -->\n<title>Autres Services - Santos e B\u00e1rbara<\/title>\n<meta name=\"robots\" content=\"index, follow, max-snippet:-1, max-image-preview:large, max-video-preview:-1\" \/>\n<link rel=\"canonical\" href=\"https:\/\/santosebarbara.pt\/fr\/autres-services\/\" \/>\n<meta property=\"og:locale\" content=\"fr_FR\" \/>\n<meta property=\"og:type\" content=\"article\" \/>\n<meta property=\"og:title\" content=\"Autres Services - Santos e B\u00e1rbara\" \/>\n<meta property=\"og:description\" content=\"De la thanatopraxie au soutien dans les formalit\u00e9s et les papiers, nous vous proposons des prestations bas\u00e9es sur les meilleures pratiques...\" \/>\n<meta property=\"og:url\" content=\"https:\/\/santosebarbara.pt\/fr\/autres-services\/\" \/>\n<meta property=\"og:site_name\" content=\"Santos e B\u00e1rbara\" \/>\n<meta property=\"article:modified_time\" content=\"2025-07-14T12:22:29+00:00\" \/>\n<meta property=\"og:image\" content=\"https:\/\/santosebarbara.pt\/wp-content\/uploads\/2025\/06\/outros-servicos-crop-scaled.jpg\" \/>\n\t<meta property=\"og:image:width\" content=\"2560\" \/>\n\t<meta property=\"og:image:height\" content=\"1280\" \/>\n\t<meta property=\"og:image:type\" content=\"image\/jpeg\" \/>\n<meta name=\"twitter:card\" content=\"summary_large_image\" \/>\n<meta name=\"twitter:label1\" content=\"Dur\u00e9e de lecture estim\u00e9e\" \/>\n\t<meta name=\"twitter:data1\" content=\"1 minute\" \/>\n<script type=\"application\/ld+json\" class=\"yoast-schema-graph\">{\"@context\":\"https:\/\/schema.org\",\"@graph\":[{\"@type\":\"WebPage\",\"@id\":\"https:\/\/santosebarbara.pt\/fr\/autres-services\/\",\"url\":\"https:\/\/santosebarbara.pt\/fr\/autres-services\/\",\"name\":\"Autres Services - Santos e B\u00e1rbara\",\"isPartOf\":{\"@id\":\"https:\/\/santosebarbara.pt\/fr\/#website\"},\"primaryImageOfPage\":{\"@id\":\"https:\/\/santosebarbara.pt\/fr\/autres-services\/#primaryimage\"},\"image\":{\"@id\":\"https:\/\/santosebarbara.pt\/fr\/autres-services\/#primaryimage\"},\"thumbnailUrl\":\"https:\/\/santosebarbara.pt\/wp-content\/uploads\/2025\/06\/outros-servicos-crop-scaled.jpg\",\"datePublished\":\"2025-06-01T22:26:19+00:00\",\"dateModified\":\"2025-07-14T12:22:29+00:00\",\"breadcrumb\":{\"@id\":\"https:\/\/santosebarbara.pt\/fr\/autres-services\/#breadcrumb\"},\"inLanguage\":\"fr-FR\",\"potentialAction\":[{\"@type\":\"ReadAction\",\"target\":[\"https:\/\/santosebarbara.pt\/fr\/autres-services\/\"]}]},{\"@type\":\"ImageObject\",\"inLanguage\":\"fr-FR\",\"@id\":\"https:\/\/santosebarbara.pt\/fr\/autres-services\/#primaryimage\",\"url\":\"https:\/\/santosebarbara.pt\/wp-content\/uploads\/2025\/06\/outros-servicos-crop-scaled.jpg\",\"contentUrl\":\"https:\/\/santosebarbara.pt\/wp-content\/uploads\/2025\/06\/outros-servicos-crop-scaled.jpg\",\"width\":2560,\"height\":1280},{\"@type\":\"BreadcrumbList\",\"@id\":\"https:\/\/santosebarbara.pt\/fr\/autres-services\/#breadcrumb\",\"itemListElement\":[{\"@type\":\"ListItem\",\"position\":1,\"name\":\"Home\",\"item\":\"https:\/\/santosebarbara.pt\/fr\/\"},{\"@type\":\"ListItem\",\"position\":2,\"name\":\"Autres Services\"}]},{\"@type\":\"WebSite\",\"@id\":\"https:\/\/santosebarbara.pt\/fr\/#website\",\"url\":\"https:\/\/santosebarbara.pt\/fr\/\",\"name\":\"Santos e B\u00e1rbara\",\"description\":\"\",\"publisher\":{\"@id\":\"https:\/\/santosebarbara.pt\/fr\/#organization\"},\"potentialAction\":[{\"@type\":\"SearchAction\",\"target\":{\"@type\":\"EntryPoint\",\"urlTemplate\":\"https:\/\/santosebarbara.pt\/fr\/?s={search_term_string}\"},\"query-input\":{\"@type\":\"PropertyValueSpecification\",\"valueRequired\":true,\"valueName\":\"search_term_string\"}}],\"inLanguage\":\"fr-FR\"},{\"@type\":\"Organization\",\"@id\":\"https:\/\/santosebarbara.pt\/fr\/#organization\",\"name\":\"Santos e B\u00e1rbara\",\"url\":\"https:\/\/santosebarbara.pt\/fr\/\",\"logo\":{\"@type\":\"ImageObject\",\"inLanguage\":\"fr-FR\",\"@id\":\"https:\/\/santosebarbara.pt\/fr\/#\/schema\/logo\/image\/\",\"url\":\"https:\/\/santosebarbara.pt\/wp-content\/uploads\/2019\/05\/01.SantosBarbara_RGB_v2-2.png\",\"contentUrl\":\"https:\/\/santosebarbara.pt\/wp-content\/uploads\/2019\/05\/01.SantosBarbara_RGB_v2-2.png\",\"width\":708,\"height\":221,\"caption\":\"Santos e B\u00e1rbara\"},\"image\":{\"@id\":\"https:\/\/santosebarbara.pt\/fr\/#\/schema\/logo\/image\/\"}}]}<\/script>\n<!-- \/ Yoast SEO plugin. -->","yoast_head_json":{"title":"Autres Services - Santos e B\u00e1rbara","robots":{"index":"index","follow":"follow","max-snippet":"max-snippet:-1","max-image-preview":"max-image-preview:large","max-video-preview":"max-video-preview:-1"},"canonical":"https:\/\/santosebarbara.pt\/fr\/autres-services\/","og_locale":"fr_FR","og_type":"article","og_title":"Autres Services - Santos e B\u00e1rbara","og_description":"De la thanatopraxie au soutien dans les formalit\u00e9s et les papiers, nous vous proposons des prestations bas\u00e9es sur les meilleures pratiques...","og_url":"https:\/\/santosebarbara.pt\/fr\/autres-services\/","og_site_name":"Santos e B\u00e1rbara","article_modified_time":"2025-07-14T12:22:29+00:00","og_image":[{"width":2560,"height":1280,"url":"https:\/\/santosebarbara.pt\/wp-content\/uploads\/2025\/06\/outros-servicos-crop-scaled.jpg","type":"image\/jpeg"}],"twitter_card":"summary_large_image","twitter_misc":{"Dur\u00e9e de lecture estim\u00e9e":"1 minute"},"schema":{"@context":"https:\/\/schema.org","@graph":[{"@type":"WebPage","@id":"https:\/\/santosebarbara.pt\/fr\/autres-services\/","url":"https:\/\/santosebarbara.pt\/fr\/autres-services\/","name":"Autres Services - Santos e B\u00e1rbara","isPartOf":{"@id":"https:\/\/santosebarbara.pt\/fr\/#website"},"primaryImageOfPage":{"@id":"https:\/\/santosebarbara.pt\/fr\/autres-services\/#primaryimage"},"image":{"@id":"https:\/\/santosebarbara.pt\/fr\/autres-services\/#primaryimage"},"thumbnailUrl":"https:\/\/santosebarbara.pt\/wp-content\/uploads\/2025\/06\/outros-servicos-crop-scaled.jpg","datePublished":"2025-06-01T22:26:19+00:00","dateModified":"2025-07-14T12:22:29+00:00","breadcrumb":{"@id":"https:\/\/santosebarbara.pt\/fr\/autres-services\/#breadcrumb"},"inLanguage":"fr-FR","potentialAction":[{"@type":"ReadAction","target":["https:\/\/santosebarbara.pt\/fr\/autres-services\/"]}]},{"@type":"ImageObject","inLanguage":"fr-FR","@id":"https:\/\/santosebarbara.pt\/fr\/autres-services\/#primaryimage","url":"https:\/\/santosebarbara.pt\/wp-content\/uploads\/2025\/06\/outros-servicos-crop-scaled.jpg","contentUrl":"https:\/\/santosebarbara.pt\/wp-content\/uploads\/2025\/06\/outros-servicos-crop-scaled.jpg","width":2560,"height":1280},{"@type":"BreadcrumbList","@id":"https:\/\/santosebarbara.pt\/fr\/autres-services\/#breadcrumb","itemListElement":[{"@type":"ListItem","position":1,"name":"Home","item":"https:\/\/santosebarbara.pt\/fr\/"},{"@type":"ListItem","position":2,"name":"Autres Services"}]},{"@type":"WebSite","@id":"https:\/\/santosebarbara.pt\/fr\/#website","url":"https:\/\/santosebarbara.pt\/fr\/","name":"Santos e B\u00e1rbara","description":"","publisher":{"@id":"https:\/\/santosebarbara.pt\/fr\/#organization"},"potentialAction":[{"@type":"SearchAction","target":{"@type":"EntryPoint","urlTemplate":"https:\/\/santosebarbara.pt\/fr\/?s={search_term_string}"},"query-input":{"@type":"PropertyValueSpecification","valueRequired":true,"valueName":"search_term_string"}}],"inLanguage":"fr-FR"},{"@type":"Organization","@id":"https:\/\/santosebarbara.pt\/fr\/#organization","name":"Santos e B\u00e1rbara","url":"https:\/\/santosebarbara.pt\/fr\/","logo":{"@type":"ImageObject","inLanguage":"fr-FR","@id":"https:\/\/santosebarbara.pt\/fr\/#\/schema\/logo\/image\/","url":"https:\/\/santosebarbara.pt\/wp-content\/uploads\/2019\/05\/01.SantosBarbara_RGB_v2-2.png","contentUrl":"https:\/\/santosebarbara.pt\/wp-content\/uploads\/2019\/05\/01.SantosBarbara_RGB_v2-2.png","width":708,"height":221,"caption":"Santos e B\u00e1rbara"},"image":{"@id":"https:\/\/santosebarbara.pt\/fr\/#\/schema\/logo\/image\/"}}]}},"uagb_featured_image_src":{"full":["https:\/\/santosebarbara.pt\/wp-content\/uploads\/2025\/06\/outros-servicos-crop-scaled.jpg",2560,1280,false],"thumbnail":["https:\/\/santosebarbara.pt\/wp-content\/uploads\/2025\/06\/outros-servicos-crop-150x150.jpg",150,150,true],"medium":["https:\/\/santosebarbara.pt\/wp-content\/uploads\/2025\/06\/outros-servicos-crop-300x150.jpg",300,150,true],"medium_large":["https:\/\/santosebarbara.pt\/wp-content\/uploads\/2025\/06\/outros-servicos-crop-768x384.jpg",768,384,true],"large":["https:\/\/santosebarbara.pt\/wp-content\/uploads\/2025\/06\/outros-servicos-crop-1024x512.jpg",1024,512,true],"1536x1536":["https:\/\/santosebarbara.pt\/wp-content\/uploads\/2025\/06\/outros-servicos-crop-1536x768.jpg",1536,768,true],"2048x2048":["https:\/\/santosebarbara.pt\/wp-content\/uploads\/2025\/06\/outros-servicos-crop-2048x1024.jpg",2048,1024,true]},"uagb_author_info":{"display_name":"admin","author_link":"https:\/\/santosebarbara.pt\/fr\/author\/ais_admin\/"},"uagb_comment_info":0,"uagb_excerpt":"De la thanatopraxie au soutien dans les formalit\u00e9s et les papiers, nous vous proposons des prestations bas\u00e9es sur les meilleures pratiques...","_links":{"self":[{"href":"https:\/\/santosebarbara.pt\/fr\/wp-json\/wp\/v2\/pages\/6007","targetHints":{"allow":["GET"]}}],"collection":[{"href":"https:\/\/santosebarbara.pt\/fr\/wp-json\/wp\/v2\/pages"}],"about":[{"href":"https:\/\/santosebarbara.pt\/fr\/wp-json\/wp\/v2\/types\/page"}],"author":[{"embeddable":true,"href":"https:\/\/santosebarbara.pt\/fr\/wp-json\/wp\/v2\/users\/1"}],"replies":[{"embeddable":true,"href":"https:\/\/santosebarbara.pt\/fr\/wp-json\/wp\/v2\/comments?post=6007"}],"version-history":[{"count":0,"href":"https:\/\/santosebarbara.pt\/fr\/wp-json\/wp\/v2\/pages\/6007\/revisions"}],"wp:featuredmedia":[{"embeddable":true,"href":"https:\/\/santosebarbara.pt\/fr\/wp-json\/wp\/v2\/media\/6213"}],"wp:attachment":[{"href":"https:\/\/santosebarbara.pt\/fr\/wp-json\/wp\/v2\/media?parent=6007"}],"curies":[{"name":"wp","href":"https:\/\/api.w.org\/{rel}","templated":true}]}}