{"id":6011,"date":"2025-06-01T18:01:39","date_gmt":"2025-06-01T18:01:39","guid":{"rendered":"https:\/\/sb.allissingular.com\/informations-utiles\/"},"modified":"2025-08-27T11:37:22","modified_gmt":"2025-08-27T11:37:22","slug":"informations-utiles","status":"publish","type":"page","link":"https:\/\/santosebarbara.pt\/fr\/informations-utiles\/","title":{"rendered":"Renseignements Utiles"},"content":{"rendered":"<div class=\"hidden wp-block-post-excerpt\"><p class=\"wp-block-post-excerpt__excerpt\">Santos &amp; B\u00e1rbara a rassembl\u00e9 un ensemble d\u2019informations utiles pour vous permettre de mieux g\u00e9rer ces moments difficiles. <\/p><\/div>\n\n\n<div class=\"wp-block-uagb-container uagb-block-3b46040a alignfull uagb-is-root-container\"><div class=\"uagb-container-inner-blocks-wrap\">\n<p>Bien que certain, un d\u00e9c\u00e8s provoque toujours des sentiments de douleur profonde qui nous emp\u00eachent parfois de raisonner. C\u2019est en pensant \u00e0 ces moments que <a href=\"https:\/\/santosebarbara.pt\/fr\/qui-sommes-nous\/\">Santos &amp; Barbara <\/a>a rassembl\u00e9 un ensemble d\u2019informations et de liens vers les organismes \u00e0 contacter. Cependant, il vous suffit de nous <a href=\"https:\/\/santosebarbara.pt\/fr\/contacts\/\">contacter<\/a> pour que nous puissions simplifier leur travail et nous occuper de toutes les d\u00e9marches.<\/p>\n<\/div><\/div>\n\n\n\n<div class=\"wp-block-uagb-container uagb-block-4147d0c2 alignwide uagb-is-root-container\">\n<div class=\"wp-block-uagb-container uagb-block-4fb359cb\"><\/div>\n\n\n\n<div class=\"wp-block-uagb-container uagb-block-b77776d5\">\n<h2 class=\"wp-block-heading\">Obligations l\u00e9gales<\/h2>\n\n\n\n<p>Dans les premiers jours suivant le d\u00e9c\u00e8s d\u2019un membre de la famille, vous devez:<\/p>\n\n\n\n<ul class=\"wp-block-list\">\n<li>communiquer la situation aux autorit\u00e9s<\/li>\n\n\n\n<li>faire d\u00e9livrer un certificat de d\u00e9c\u00e8s<\/li>\n\n\n\n<li>Obtenir des droits de cimeti\u00e8re<\/li>\n\n\n\n<li>Demander une allocation de d\u00e9c\u00e8s ou le remboursement des frais d\u2019obs\u00e8ques \u00e0 la S\u00e9curit\u00e9 sociale, la Caisse g\u00e9n\u00e9rale de retraite, aux mutuelles ou aux r\u00e9gimes de s\u00e9curit\u00e9 sociale \u00e9trangers.<\/li>\n<\/ul>\n<\/div>\n<\/div>\n\n\n\n<div class=\"wp-block-uagb-container uagb-block-6f1bf3f2 alignwide uagb-is-root-container\">\n<div class=\"wp-block-uagb-container uagb-block-d318b893\">\n<h2 class=\"wp-block-heading\">Dispense en cas de d\u00e9c\u00e8s ou de cong\u00e9 de d\u00e9c\u00e8s<\/h2>\n\n\n\n<p>En cas de d\u00e9c\u00e8s d\u2019un membre de la famille, tous les salari\u00e9s ont droit \u00e0 des absences justifi\u00e9es. Selon le degr\u00e9 de parent\u00e9 de la personne d\u00e9c\u00e9d\u00e9e, le nombre de jours d\u2019absence varie. L\u2019article 251 du Code du travail en fixe les r\u00e8gles:  <\/p>\n\n\n\n<p>Absences dues au d\u00e9c\u00e8s d\u2019un conjoint, d\u2019un membre de la famille ou d\u2019un proche:<\/p>\n\n\n\n<p>1 &#8211; <a href=\"http:\/\/sabiasque.pt\/codigo-do-trabalho.html\" target=\"_blank\" rel=\"noreferrer noopener\">L\u2019absence<\/a> du salari\u00e9 peut \u00eatre justifi\u00e9e :<br>a) Jusqu\u2019\u00e0 cinq jours cons\u00e9cutifs, en raison du d\u00e9c\u00e8s d\u2019un conjoint non s\u00e9par\u00e9 de corps ou d\u2019un parent ou affinit\u00e9 au 1er degr\u00e9 en ligne droite ;<br>b) Jusqu\u2019\u00e0 deux jours cons\u00e9cutifs, en cas de d\u00e9c\u00e8s d\u2019un autre parent ou affinit\u00e9 en ligne droite ou au 2\u00e8me degr\u00e9 de la ligne collat\u00e9rale.<\/p>\n<\/div>\n\n\n\n<div class=\"wp-block-uagb-container uagb-block-2c083ade\"><\/div>\n<\/div>\n\n\n\n<div class=\"wp-block-uagb-container uagb-block-053cf13c alignfull uagb-is-root-container\"><div class=\"uagb-container-inner-blocks-wrap\">\n<p>2 &#8211; Les dispositions du paragraphe a) du num\u00e9ro pr\u00e9c\u00e9dent s\u2019appliquent en cas de d\u00e9c\u00e8s d\u2019une <a href=\"http:\/\/sabiasque.pt\/codigo-do-trabalho.html\" target=\"_blank\" rel=\"noreferrer noopener\">personne<\/a> vivant maritalement ou en r\u00e9gime d\u2019\u00e9conomie commune avec le salari\u00e9, dans les conditions pr\u00e9vues par une l\u00e9gislation sp\u00e9cifique.<\/p>\n\n\n\n<p>3 \u2014 La violation des dispositions du pr\u00e9sent article constitue une infraction administrative grave.<\/p>\n\n\n\n<p>NOTE<br>5 jours cons\u00e9cutifs :<br>1 \u2013 Degr\u00e9 d\u2019affinit\u00e9 : parents, enfants, beaux-p\u00e8res, beaux-parents, beaux-fils, gendres, belles-filles, beaux-enfants, adopt\u00e9s (adoption pl\u00e9ni\u00e8re).<br>1er degr\u00e9 de la ligne collat\u00e9rale : conjoint (non s\u00e9par\u00e9 de corps, y compris ceux vivant maritalement ou en r\u00e9gime d\u2019\u00e9conomie commune en vertu d\u2019une l\u00e9gislation sp\u00e9ciale).<br>2 jours cons\u00e9cutifs<br>2e et 3e degr\u00e9s de la ligne droite : grands-parents et arri\u00e8re-grands-parents, petits-enfants et arri\u00e8re-petits-enfants, enfants adopt\u00e9s, les v\u00f4tres et ceux de votre conjoint.<br>Deuxi\u00e8me degr\u00e9 de la ligne collat\u00e9rale : fr\u00e8res et s\u0153urs, beaux-fr\u00e8res et beaux-fr\u00e8res et enfants adopt\u00e9s.<\/p>\n\n\n\n<h2 class=\"wp-block-heading\">Corps que vous devrez peut-\u00eatre contacter<\/h2>\n<\/div><\/div>\n\n\n\n<div class=\"wp-block-uagb-container uagb-block-2f2ff428 alignwide uagb-is-root-container\">\n<div class=\"wp-block-uagb-container uagb-block-6706bfbf\">\n<p><a href=\"http:\/\/www.seg-social.pt\/inicio\" target=\"_blank\" rel=\"noreferrer noopener\">S\u00e9curit\u00e9 Sociale<\/a><br><a href=\"https:\/\/www.portaldasfinancas.gov.pt\/at\/html\/index.html\" target=\"_blank\" rel=\"noreferrer noopener\">Bureau des Finances<\/a><br><a href=\"https:\/\/www.cga.pt\/cgaInicio.asp\" target=\"_blank\" rel=\"noreferrer noopener\">Caisse g\u00e9n\u00e9rale des retraites<\/a><br><a href=\"https:\/\/www.sns.gov.pt\/\" target=\"_blank\" rel=\"noreferrer noopener\">SNS<\/a><br><a href=\"https:\/\/www2.adse.pt\/\" target=\"_blank\" rel=\"noreferrer noopener\">ADSE<\/a><br><a href=\"https:\/\/www.recenseamento.mai.gov.pt\/\" target=\"_blank\" rel=\"noreferrer noopener\">Recencement \u00e9lectoral<\/a><br><a href=\"https:\/\/www.gnr.pt\/\" target=\"_blank\" rel=\"noreferrer noopener\">GNR<\/a><br><a href=\"http:\/\/www.asae.gov.pt\/\" target=\"_blank\" rel=\"noreferrer noopener\">ASAE<\/a><br><a href=\"https:\/\/www.amn.pt\/Paginas\/Homepage.aspx\" target=\"_blank\" rel=\"noreferrer noopener\">Police Maritima<\/a><br><a href=\"https:\/\/dre.pt\/\" target=\"_blank\" rel=\"noreferrer noopener\">Di\u00e1rio da Rep\u00fablica (journal officiel)<\/a><br><a href=\"http:\/\/www.act.gov.pt\/(pt-PT)\/Paginas\/default.aspx\" target=\"_blank\" rel=\"noreferrer noopener\">ACT<\/a><br><a href=\"https:\/\/www.deco.proteste.pt\/\" target=\"_blank\" rel=\"noreferrer noopener\">DECO<\/a><\/p>\n<\/div>\n\n\n\n<div class=\"wp-block-uagb-container uagb-block-1ee0e36b\">\n<p><a href=\"http:\/\/www.cm-tavira.pt\/site\/index.php\" target=\"_blank\" rel=\"noreferrer noopener\">Mairie de Tavira<\/a><br><a href=\"https:\/\/www.irn.mj.pt\/IRN\/sections\/inicio\" target=\"_blank\" rel=\"noreferrer noopener\">IRN \u00c9tat Civil<\/a><br><a href=\"http:\/\/www.inmlcf.mj.pt\/\" target=\"_blank\" rel=\"noreferrer noopener\">I.N. M\u00e9decine l\u00e9gale<\/a><br><a href=\"https:\/\/www.dgae.mec.pt\/\" target=\"_blank\" rel=\"noreferrer noopener\">DGAE<\/a><br><a href=\"https:\/\/www.psp.pt\/Pages\/homePage.aspx\" target=\"_blank\" rel=\"noreferrer noopener\">PSP<\/a><br><a href=\"https:\/\/www.ine.pt\/xportal\/xmain?xpgid=ine_main&amp;xpid=INE\" target=\"_blank\" rel=\"noreferrer noopener\">INE<\/a><br><a href=\"https:\/\/anel.pt\/\" target=\"_blank\" rel=\"noreferrer noopener\">ANEL<\/a><br><a href=\"https:\/\/eportugal.gov.pt\/\" target=\"_blank\" rel=\"noreferrer noopener\">Portail du citoyen<\/a><br><a href=\"https:\/\/www.sef.pt\/\" target=\"_blank\" rel=\"noreferrer noopener\">SEF<\/a><br><a href=\"https:\/\/aima.gov.pt\/pt\" target=\"_blank\" rel=\"noreferrer noopener\">AIMA<\/a><br><a href=\"https:\/\/www.sbsi.pt\/Pages\/default.aspx\" target=\"_blank\" rel=\"noreferrer noopener\">S.B. Sud et Iles<\/a><br><a href=\"https:\/\/www.anacom.pt\/\" target=\"_blank\" rel=\"noreferrer noopener\">DGCC<\/a><\/p>\n<\/div>\n<\/div>\n","protected":false},"excerpt":{"rendered":"<p>Santos &amp; B\u00e1rbara a rassembl\u00e9 un ensemble d\u2019informations utiles pour vous permettre de mieux g\u00e9rer ces moments difficiles.<\/p>\n","protected":false},"author":1,"featured_media":6201,"parent":0,"menu_order":0,"comment_status":"closed","ping_status":"closed","template":"","meta":{"_uag_custom_page_level_css":"","site-sidebar-layout":"default","site-content-layout":"","ast-site-content-layout":"","site-content-style":"default","site-sidebar-style":"default","ast-global-header-display":"","ast-banner-title-visibility":"","ast-main-header-display":"","ast-hfb-above-header-display":"","ast-hfb-below-header-display":"","ast-hfb-mobile-header-display":"","site-post-title":"disabled","ast-breadcrumbs-content":"","ast-featured-img":"","footer-sml-layout":"","theme-transparent-header-meta":"","adv-header-id-meta":"","stick-header-meta":"","header-above-stick-meta":"","header-main-stick-meta":"","header-below-stick-meta":"","astra-migrate-meta-layouts":"default","ast-page-background-enabled":"default","ast-page-background-meta":{"desktop":{"background-color":"var(--ast-global-color-5)","background-image":"","background-repeat":"repeat","background-position":"center center","background-size":"auto","background-attachment":"scroll","background-type":"","background-media":"","overlay-type":"","overlay-color":"","overlay-opacity":"","overlay-gradient":""},"tablet":{"background-color":"","background-image":"","background-repeat":"repeat","background-position":"center center","background-size":"auto","background-attachment":"scroll","background-type":"","background-media":"","overlay-type":"","overlay-color":"","overlay-opacity":"","overlay-gradient":""},"mobile":{"background-color":"","background-image":"","background-repeat":"repeat","background-position":"center center","background-size":"auto","background-attachment":"scroll","background-type":"","background-media":"","overlay-type":"","overlay-color":"","overlay-opacity":"","overlay-gradient":""}},"ast-content-background-meta":{"desktop":{"background-color":"var(--ast-global-color-4)","background-image":"","background-repeat":"repeat","background-position":"center center","background-size":"auto","background-attachment":"scroll","background-type":"","background-media":"","overlay-type":"","overlay-color":"","overlay-opacity":"","overlay-gradient":""},"tablet":{"background-color":"var(--ast-global-color-4)","background-image":"","background-repeat":"repeat","background-position":"center center","background-size":"auto","background-attachment":"scroll","background-type":"","background-media":"","overlay-type":"","overlay-color":"","overlay-opacity":"","overlay-gradient":""},"mobile":{"background-color":"var(--ast-global-color-4)","background-image":"","background-repeat":"repeat","background-position":"center center","background-size":"auto","background-attachment":"scroll","background-type":"","background-media":"","overlay-type":"","overlay-color":"","overlay-opacity":"","overlay-gradient":""}},"footnotes":""},"class_list":["post-6011","page","type-page","status-publish","has-post-thumbnail","hentry"],"yoast_head":"<!-- This site is optimized with the Yoast SEO plugin v26.0 - https:\/\/yoast.com\/wordpress\/plugins\/seo\/ -->\n<title>Renseignements Utiles - Santos e B\u00e1rbara<\/title>\n<meta name=\"robots\" content=\"index, follow, max-snippet:-1, max-image-preview:large, max-video-preview:-1\" \/>\n<link rel=\"canonical\" href=\"https:\/\/santosebarbara.pt\/fr\/informations-utiles\/\" \/>\n<meta property=\"og:locale\" content=\"fr_FR\" \/>\n<meta property=\"og:type\" content=\"article\" \/>\n<meta property=\"og:title\" content=\"Renseignements Utiles - Santos e B\u00e1rbara\" \/>\n<meta property=\"og:description\" content=\"Santos &amp; B\u00e1rbara a rassembl\u00e9 un ensemble d\u2019informations utiles pour vous permettre de mieux g\u00e9rer ces moments difficiles.\" \/>\n<meta property=\"og:url\" content=\"https:\/\/santosebarbara.pt\/fr\/informations-utiles\/\" \/>\n<meta property=\"og:site_name\" content=\"Santos e B\u00e1rbara\" \/>\n<meta property=\"article:modified_time\" content=\"2025-08-27T11:37:22+00:00\" \/>\n<meta property=\"og:image\" content=\"https:\/\/santosebarbara.pt\/wp-content\/uploads\/2025\/06\/Informacoes-uteis-crop-scaled.jpg\" \/>\n\t<meta property=\"og:image:width\" content=\"2560\" \/>\n\t<meta property=\"og:image:height\" content=\"1280\" \/>\n\t<meta property=\"og:image:type\" content=\"image\/jpeg\" \/>\n<meta name=\"twitter:card\" content=\"summary_large_image\" \/>\n<meta name=\"twitter:label1\" content=\"Dur\u00e9e de lecture estim\u00e9e\" \/>\n\t<meta name=\"twitter:data1\" content=\"3 minutes\" \/>\n<script type=\"application\/ld+json\" class=\"yoast-schema-graph\">{\"@context\":\"https:\/\/schema.org\",\"@graph\":[{\"@type\":\"WebPage\",\"@id\":\"https:\/\/santosebarbara.pt\/fr\/informations-utiles\/\",\"url\":\"https:\/\/santosebarbara.pt\/fr\/informations-utiles\/\",\"name\":\"Renseignements Utiles - Santos e B\u00e1rbara\",\"isPartOf\":{\"@id\":\"https:\/\/santosebarbara.pt\/fr\/#website\"},\"primaryImageOfPage\":{\"@id\":\"https:\/\/santosebarbara.pt\/fr\/informations-utiles\/#primaryimage\"},\"image\":{\"@id\":\"https:\/\/santosebarbara.pt\/fr\/informations-utiles\/#primaryimage\"},\"thumbnailUrl\":\"https:\/\/santosebarbara.pt\/wp-content\/uploads\/2025\/06\/Informacoes-uteis-crop-scaled.jpg\",\"datePublished\":\"2025-06-01T18:01:39+00:00\",\"dateModified\":\"2025-08-27T11:37:22+00:00\",\"breadcrumb\":{\"@id\":\"https:\/\/santosebarbara.pt\/fr\/informations-utiles\/#breadcrumb\"},\"inLanguage\":\"fr-FR\",\"potentialAction\":[{\"@type\":\"ReadAction\",\"target\":[\"https:\/\/santosebarbara.pt\/fr\/informations-utiles\/\"]}]},{\"@type\":\"ImageObject\",\"inLanguage\":\"fr-FR\",\"@id\":\"https:\/\/santosebarbara.pt\/fr\/informations-utiles\/#primaryimage\",\"url\":\"https:\/\/santosebarbara.pt\/wp-content\/uploads\/2025\/06\/Informacoes-uteis-crop-scaled.jpg\",\"contentUrl\":\"https:\/\/santosebarbara.pt\/wp-content\/uploads\/2025\/06\/Informacoes-uteis-crop-scaled.jpg\",\"width\":2560,\"height\":1280,\"caption\":\"Informa\u00e7\u00f5es e links de organismos a contactar por morte.\"},{\"@type\":\"BreadcrumbList\",\"@id\":\"https:\/\/santosebarbara.pt\/fr\/informations-utiles\/#breadcrumb\",\"itemListElement\":[{\"@type\":\"ListItem\",\"position\":1,\"name\":\"Home\",\"item\":\"https:\/\/santosebarbara.pt\/fr\/\"},{\"@type\":\"ListItem\",\"position\":2,\"name\":\"Renseignements Utiles\"}]},{\"@type\":\"WebSite\",\"@id\":\"https:\/\/santosebarbara.pt\/fr\/#website\",\"url\":\"https:\/\/santosebarbara.pt\/fr\/\",\"name\":\"Santos e B\u00e1rbara\",\"description\":\"\",\"publisher\":{\"@id\":\"https:\/\/santosebarbara.pt\/fr\/#organization\"},\"potentialAction\":[{\"@type\":\"SearchAction\",\"target\":{\"@type\":\"EntryPoint\",\"urlTemplate\":\"https:\/\/santosebarbara.pt\/fr\/?s={search_term_string}\"},\"query-input\":{\"@type\":\"PropertyValueSpecification\",\"valueRequired\":true,\"valueName\":\"search_term_string\"}}],\"inLanguage\":\"fr-FR\"},{\"@type\":\"Organization\",\"@id\":\"https:\/\/santosebarbara.pt\/fr\/#organization\",\"name\":\"Santos e B\u00e1rbara\",\"url\":\"https:\/\/santosebarbara.pt\/fr\/\",\"logo\":{\"@type\":\"ImageObject\",\"inLanguage\":\"fr-FR\",\"@id\":\"https:\/\/santosebarbara.pt\/fr\/#\/schema\/logo\/image\/\",\"url\":\"https:\/\/santosebarbara.pt\/wp-content\/uploads\/2019\/05\/01.SantosBarbara_RGB_v2-2.png\",\"contentUrl\":\"https:\/\/santosebarbara.pt\/wp-content\/uploads\/2019\/05\/01.SantosBarbara_RGB_v2-2.png\",\"width\":708,\"height\":221,\"caption\":\"Santos e B\u00e1rbara\"},\"image\":{\"@id\":\"https:\/\/santosebarbara.pt\/fr\/#\/schema\/logo\/image\/\"}}]}<\/script>\n<!-- \/ Yoast SEO plugin. -->","yoast_head_json":{"title":"Renseignements Utiles - Santos e B\u00e1rbara","robots":{"index":"index","follow":"follow","max-snippet":"max-snippet:-1","max-image-preview":"max-image-preview:large","max-video-preview":"max-video-preview:-1"},"canonical":"https:\/\/santosebarbara.pt\/fr\/informations-utiles\/","og_locale":"fr_FR","og_type":"article","og_title":"Renseignements Utiles - Santos e B\u00e1rbara","og_description":"Santos &amp; B\u00e1rbara a rassembl\u00e9 un ensemble d\u2019informations utiles pour vous permettre de mieux g\u00e9rer ces moments difficiles.","og_url":"https:\/\/santosebarbara.pt\/fr\/informations-utiles\/","og_site_name":"Santos e B\u00e1rbara","article_modified_time":"2025-08-27T11:37:22+00:00","og_image":[{"width":2560,"height":1280,"url":"https:\/\/santosebarbara.pt\/wp-content\/uploads\/2025\/06\/Informacoes-uteis-crop-scaled.jpg","type":"image\/jpeg"}],"twitter_card":"summary_large_image","twitter_misc":{"Dur\u00e9e de lecture estim\u00e9e":"3 minutes"},"schema":{"@context":"https:\/\/schema.org","@graph":[{"@type":"WebPage","@id":"https:\/\/santosebarbara.pt\/fr\/informations-utiles\/","url":"https:\/\/santosebarbara.pt\/fr\/informations-utiles\/","name":"Renseignements Utiles - Santos e B\u00e1rbara","isPartOf":{"@id":"https:\/\/santosebarbara.pt\/fr\/#website"},"primaryImageOfPage":{"@id":"https:\/\/santosebarbara.pt\/fr\/informations-utiles\/#primaryimage"},"image":{"@id":"https:\/\/santosebarbara.pt\/fr\/informations-utiles\/#primaryimage"},"thumbnailUrl":"https:\/\/santosebarbara.pt\/wp-content\/uploads\/2025\/06\/Informacoes-uteis-crop-scaled.jpg","datePublished":"2025-06-01T18:01:39+00:00","dateModified":"2025-08-27T11:37:22+00:00","breadcrumb":{"@id":"https:\/\/santosebarbara.pt\/fr\/informations-utiles\/#breadcrumb"},"inLanguage":"fr-FR","potentialAction":[{"@type":"ReadAction","target":["https:\/\/santosebarbara.pt\/fr\/informations-utiles\/"]}]},{"@type":"ImageObject","inLanguage":"fr-FR","@id":"https:\/\/santosebarbara.pt\/fr\/informations-utiles\/#primaryimage","url":"https:\/\/santosebarbara.pt\/wp-content\/uploads\/2025\/06\/Informacoes-uteis-crop-scaled.jpg","contentUrl":"https:\/\/santosebarbara.pt\/wp-content\/uploads\/2025\/06\/Informacoes-uteis-crop-scaled.jpg","width":2560,"height":1280,"caption":"Informa\u00e7\u00f5es e links de organismos a contactar por morte."},{"@type":"BreadcrumbList","@id":"https:\/\/santosebarbara.pt\/fr\/informations-utiles\/#breadcrumb","itemListElement":[{"@type":"ListItem","position":1,"name":"Home","item":"https:\/\/santosebarbara.pt\/fr\/"},{"@type":"ListItem","position":2,"name":"Renseignements Utiles"}]},{"@type":"WebSite","@id":"https:\/\/santosebarbara.pt\/fr\/#website","url":"https:\/\/santosebarbara.pt\/fr\/","name":"Santos e B\u00e1rbara","description":"","publisher":{"@id":"https:\/\/santosebarbara.pt\/fr\/#organization"},"potentialAction":[{"@type":"SearchAction","target":{"@type":"EntryPoint","urlTemplate":"https:\/\/santosebarbara.pt\/fr\/?s={search_term_string}"},"query-input":{"@type":"PropertyValueSpecification","valueRequired":true,"valueName":"search_term_string"}}],"inLanguage":"fr-FR"},{"@type":"Organization","@id":"https:\/\/santosebarbara.pt\/fr\/#organization","name":"Santos e B\u00e1rbara","url":"https:\/\/santosebarbara.pt\/fr\/","logo":{"@type":"ImageObject","inLanguage":"fr-FR","@id":"https:\/\/santosebarbara.pt\/fr\/#\/schema\/logo\/image\/","url":"https:\/\/santosebarbara.pt\/wp-content\/uploads\/2019\/05\/01.SantosBarbara_RGB_v2-2.png","contentUrl":"https:\/\/santosebarbara.pt\/wp-content\/uploads\/2019\/05\/01.SantosBarbara_RGB_v2-2.png","width":708,"height":221,"caption":"Santos e B\u00e1rbara"},"image":{"@id":"https:\/\/santosebarbara.pt\/fr\/#\/schema\/logo\/image\/"}}]}},"uagb_featured_image_src":{"full":["https:\/\/santosebarbara.pt\/wp-content\/uploads\/2025\/06\/Informacoes-uteis-crop-scaled.jpg",2560,1280,false],"thumbnail":["https:\/\/santosebarbara.pt\/wp-content\/uploads\/2025\/06\/Informacoes-uteis-crop-150x150.jpg",150,150,true],"medium":["https:\/\/santosebarbara.pt\/wp-content\/uploads\/2025\/06\/Informacoes-uteis-crop-300x150.jpg",300,150,true],"medium_large":["https:\/\/santosebarbara.pt\/wp-content\/uploads\/2025\/06\/Informacoes-uteis-crop-768x384.jpg",768,384,true],"large":["https:\/\/santosebarbara.pt\/wp-content\/uploads\/2025\/06\/Informacoes-uteis-crop-1024x512.jpg",1024,512,true],"1536x1536":["https:\/\/santosebarbara.pt\/wp-content\/uploads\/2025\/06\/Informacoes-uteis-crop-1536x768.jpg",1536,768,true],"2048x2048":["https:\/\/santosebarbara.pt\/wp-content\/uploads\/2025\/06\/Informacoes-uteis-crop-2048x1024.jpg",2048,1024,true]},"uagb_author_info":{"display_name":"admin","author_link":"https:\/\/santosebarbara.pt\/fr\/author\/ais_admin\/"},"uagb_comment_info":0,"uagb_excerpt":"Santos &amp; B\u00e1rbara a rassembl\u00e9 un ensemble d\u2019informations utiles pour vous permettre de mieux g\u00e9rer ces moments difficiles.","_links":{"self":[{"href":"https:\/\/santosebarbara.pt\/fr\/wp-json\/wp\/v2\/pages\/6011","targetHints":{"allow":["GET"]}}],"collection":[{"href":"https:\/\/santosebarbara.pt\/fr\/wp-json\/wp\/v2\/pages"}],"about":[{"href":"https:\/\/santosebarbara.pt\/fr\/wp-json\/wp\/v2\/types\/page"}],"author":[{"embeddable":true,"href":"https:\/\/santosebarbara.pt\/fr\/wp-json\/wp\/v2\/users\/1"}],"replies":[{"embeddable":true,"href":"https:\/\/santosebarbara.pt\/fr\/wp-json\/wp\/v2\/comments?post=6011"}],"version-history":[{"count":0,"href":"https:\/\/santosebarbara.pt\/fr\/wp-json\/wp\/v2\/pages\/6011\/revisions"}],"wp:featuredmedia":[{"embeddable":true,"href":"https:\/\/santosebarbara.pt\/fr\/wp-json\/wp\/v2\/media\/6201"}],"wp:attachment":[{"href":"https:\/\/santosebarbara.pt\/fr\/wp-json\/wp\/v2\/media?parent=6011"}],"curies":[{"name":"wp","href":"https:\/\/api.w.org\/{rel}","templated":true}]}}