{"id":6023,"date":"2025-06-02T10:38:40","date_gmt":"2025-06-02T10:38:40","guid":{"rendered":"https:\/\/sb.allissingular.com\/qui-sommes-nous\/"},"modified":"2025-07-15T16:58:35","modified_gmt":"2025-07-15T16:58:35","slug":"qui-sommes-nous","status":"publish","type":"page","link":"https:\/\/santosebarbara.pt\/fr\/qui-sommes-nous\/","title":{"rendered":"Qui sommes-nous"},"content":{"rendered":"\n<div class=\"wp-block-uagb-container uagb-block-4147d0c2 alignwide uagb-is-root-container\">\n<div class=\"wp-block-uagb-container uagb-block-4fb359cb\">\n<figure class=\"wp-block-image size-large\"><img loading=\"lazy\" decoding=\"async\" width=\"1024\" height=\"713\" src=\"https:\/\/santosebarbara.pt\/wp-content\/uploads\/2019\/10\/R42-000482-1024x713.jpg\" alt=\"\" class=\"wp-image-1630\" srcset=\"https:\/\/santosebarbara.pt\/wp-content\/uploads\/2019\/10\/R42-000482-1024x713.jpg 1024w, https:\/\/santosebarbara.pt\/wp-content\/uploads\/2019\/10\/R42-000482-300x209.jpg 300w, https:\/\/santosebarbara.pt\/wp-content\/uploads\/2019\/10\/R42-000482-768x535.jpg 768w, https:\/\/santosebarbara.pt\/wp-content\/uploads\/2019\/10\/R42-000482-1536x1070.jpg 1536w, https:\/\/santosebarbara.pt\/wp-content\/uploads\/2019\/10\/R42-000482-2048x1427.jpg 2048w\" sizes=\"auto, (max-width: 1024px) 100vw, 1024px\" \/><\/figure>\n<\/div>\n\n\n\n<div class=\"wp-block-uagb-container uagb-block-b77776d5\">\n<p>Santos &amp; Barbara a \u00e9t\u00e9 fond\u00e9e le 1er mai 1978 par Jo\u00e3o Sebasti\u00e3o dos Santos Barbara et son \u00e9pouse Maria Almerinda Gon\u00e7alves. En plus de 40 ans d\u2019existence, cette soci\u00e9t\u00e9 familiale est devenue l\u2019une des principales pompes fun\u00e8bres de la r\u00e9gion de l\u2019Algarve en raison de ses services personnalit\u00e9s et de son actualisation et modernisation constantes. <\/p>\n\n\n\n<p>Nous cherchons \u00e0 appliquer des normes \u00e9thiques \u00e9lev\u00e9es, faisant preuve d\u2019honn\u00eatet\u00e9 et d\u2019\u00e9quit\u00e9 dans toutes nos actions, sachant que force d\u2019une soci\u00e9t\u00e9 repose sur l\u2019int\u00e9grit\u00e9 de ses collaborateurs. Nous choisissons les meilleurs professionnels, employons les meilleures pratiques disponibles et misons sur une am\u00e9lioration constante bas\u00e9e sur l\u2019innovation, la planification strat\u00e9gique, la collaboration et le travail d\u2019\u00e9quipe. <\/p>\n<\/div>\n<\/div>\n\n<div class=\"wp-block-uagb-container uagb-block-48454ffa alignwide uagb-is-root-container\">\n<div class=\"wp-block-uagb-container uagb-block-2e7710f5\">\n<figure class=\"wp-block-image size-large\"><img loading=\"lazy\" decoding=\"async\" width=\"1024\" height=\"713\" src=\"https:\/\/santosebarbara.pt\/wp-content\/uploads\/2019\/12\/QuemSomosEquipa2967x2067-scaled-1-1024x713.jpg\" alt=\"\" class=\"wp-image-2312\" srcset=\"https:\/\/santosebarbara.pt\/wp-content\/uploads\/2019\/12\/QuemSomosEquipa2967x2067-scaled-1-1024x713.jpg 1024w, https:\/\/santosebarbara.pt\/wp-content\/uploads\/2019\/12\/QuemSomosEquipa2967x2067-scaled-1-300x209.jpg 300w, https:\/\/santosebarbara.pt\/wp-content\/uploads\/2019\/12\/QuemSomosEquipa2967x2067-scaled-1-768x535.jpg 768w, https:\/\/santosebarbara.pt\/wp-content\/uploads\/2019\/12\/QuemSomosEquipa2967x2067-scaled-1-1536x1070.jpg 1536w, https:\/\/santosebarbara.pt\/wp-content\/uploads\/2019\/12\/QuemSomosEquipa2967x2067-scaled-1-2048x1426.jpg 2048w\" sizes=\"auto, (max-width: 1024px) 100vw, 1024px\" \/><\/figure>\n<\/div>\n\n\n\n<div class=\"wp-block-uagb-container uagb-block-982f1752\">\n<p><a href=\"#\">Contactez nous !<\/a><br\/>Apprenez \u00e0 conna\u00eetre nos services et comptez sur notre soutien imm\u00e9diat et inconditionnel.<\/p>\n<\/div>\n<\/div>\n\n<div class=\"wp-block-uagb-container uagb-block-686afefe alignfull uagb-is-root-container\"><div class=\"uagb-container-inner-blocks-wrap\">\n<figure class=\"wp-block-gallery has-nested-images columns-4 is-cropped wp-block-gallery-1 is-layout-flex wp-block-gallery-is-layout-flex\">\n<figure class=\"wp-block-image size-large\"><img loading=\"lazy\" decoding=\"async\" width=\"1024\" height=\"713\" data-id=\"6378\" src=\"https:\/\/santosebarbara.pt\/wp-content\/uploads\/2025\/07\/Montra_2967x2067-1024x713.jpg\" alt=\"\" class=\"wp-image-6378\" srcset=\"https:\/\/santosebarbara.pt\/wp-content\/uploads\/2025\/07\/Montra_2967x2067-1024x713.jpg 1024w, https:\/\/santosebarbara.pt\/wp-content\/uploads\/2025\/07\/Montra_2967x2067-300x209.jpg 300w, https:\/\/santosebarbara.pt\/wp-content\/uploads\/2025\/07\/Montra_2967x2067-768x535.jpg 768w, https:\/\/santosebarbara.pt\/wp-content\/uploads\/2025\/07\/Montra_2967x2067-1536x1070.jpg 1536w, https:\/\/santosebarbara.pt\/wp-content\/uploads\/2025\/07\/Montra_2967x2067-2048x1427.jpg 2048w\" sizes=\"auto, (max-width: 1024px) 100vw, 1024px\" \/><\/figure>\n\n\n\n<figure class=\"wp-block-image size-large\"><img loading=\"lazy\" decoding=\"async\" width=\"1024\" height=\"713\" data-id=\"6375\" src=\"https:\/\/santosebarbara.pt\/wp-content\/uploads\/2025\/07\/Interior_Secretaria_2967x2067-1024x713.jpg\" alt=\"\" class=\"wp-image-6375\" srcset=\"https:\/\/santosebarbara.pt\/wp-content\/uploads\/2025\/07\/Interior_Secretaria_2967x2067-1024x713.jpg 1024w, https:\/\/santosebarbara.pt\/wp-content\/uploads\/2025\/07\/Interior_Secretaria_2967x2067-300x209.jpg 300w, https:\/\/santosebarbara.pt\/wp-content\/uploads\/2025\/07\/Interior_Secretaria_2967x2067-768x535.jpg 768w, https:\/\/santosebarbara.pt\/wp-content\/uploads\/2025\/07\/Interior_Secretaria_2967x2067-1536x1070.jpg 1536w, https:\/\/santosebarbara.pt\/wp-content\/uploads\/2025\/07\/Interior_Secretaria_2967x2067-2048x1427.jpg 2048w\" sizes=\"auto, (max-width: 1024px) 100vw, 1024px\" \/><\/figure>\n\n\n\n<figure class=\"wp-block-image size-large\"><img loading=\"lazy\" decoding=\"async\" width=\"1024\" height=\"713\" data-id=\"6372\" src=\"https:\/\/santosebarbara.pt\/wp-content\/uploads\/2025\/07\/Interior_Expositor_2967x2067-1024x713.jpg\" alt=\"\" class=\"wp-image-6372\" srcset=\"https:\/\/santosebarbara.pt\/wp-content\/uploads\/2025\/07\/Interior_Expositor_2967x2067-1024x713.jpg 1024w, https:\/\/santosebarbara.pt\/wp-content\/uploads\/2025\/07\/Interior_Expositor_2967x2067-300x209.jpg 300w, https:\/\/santosebarbara.pt\/wp-content\/uploads\/2025\/07\/Interior_Expositor_2967x2067-768x535.jpg 768w, https:\/\/santosebarbara.pt\/wp-content\/uploads\/2025\/07\/Interior_Expositor_2967x2067-1536x1070.jpg 1536w, https:\/\/santosebarbara.pt\/wp-content\/uploads\/2025\/07\/Interior_Expositor_2967x2067-2048x1427.jpg 2048w\" sizes=\"auto, (max-width: 1024px) 100vw, 1024px\" \/><\/figure>\n\n\n\n<figure class=\"wp-block-image size-large\"><img loading=\"lazy\" decoding=\"async\" width=\"1024\" height=\"713\" data-id=\"6369\" src=\"https:\/\/santosebarbara.pt\/wp-content\/uploads\/2025\/07\/Interior_Caixoes_2967x2067-1024x713.jpg\" alt=\"\" class=\"wp-image-6369\" srcset=\"https:\/\/santosebarbara.pt\/wp-content\/uploads\/2025\/07\/Interior_Caixoes_2967x2067-1024x713.jpg 1024w, https:\/\/santosebarbara.pt\/wp-content\/uploads\/2025\/07\/Interior_Caixoes_2967x2067-300x209.jpg 300w, https:\/\/santosebarbara.pt\/wp-content\/uploads\/2025\/07\/Interior_Caixoes_2967x2067-768x535.jpg 768w, https:\/\/santosebarbara.pt\/wp-content\/uploads\/2025\/07\/Interior_Caixoes_2967x2067-1536x1070.jpg 1536w, https:\/\/santosebarbara.pt\/wp-content\/uploads\/2025\/07\/Interior_Caixoes_2967x2067-2048x1427.jpg 2048w\" sizes=\"auto, (max-width: 1024px) 100vw, 1024px\" \/><\/figure>\n<\/figure>\n<\/div><\/div>\n\n<div class=\"wp-block-uagb-container uagb-block-2f2ff428 alignwide uagb-is-root-container\">\n<div class=\"wp-block-uagb-container uagb-block-6706bfbf\">\n<h2 class=\"wp-block-heading\">Partenaires<\/h2>\n\n\n\n<p>Afin d\u2019offrir un service plus \u00e9largi et professionnel, Santos &amp; Barbara a \u00e9tabli des protocoles avec des soci\u00e9t\u00e9s exer\u00e7ant leur activit\u00e9 dans plusieurs secteurs sp\u00e9cialis\u00e9s.<\/p>\n<\/div>\n\n\n\n<div class=\"wp-block-uagb-container uagb-block-5fda46eb\">\n<p class=\"has-text-align-center has-ast-global-color-5-color has-ast-global-color-0-background-color has-text-color has-background has-link-color wp-elements-1364b7fffcaa409bdd5ac166ad9aa56e\"><a href=\"https:\/\/www.globalerc.pt\" target=\"_blank\" rel=\"noreferrer noopener\">RC mondial<\/a><\/p>\n\n\n\n<p class=\"has-text-align-center has-ast-global-color-5-color has-ast-global-color-0-background-color has-text-color has-background has-link-color wp-elements-ba05532e1140a5ae196f03839c84aaba\"><a href=\"https:\/\/postal.pt\" target=\"_blank\" rel=\"noreferrer noopener\">Carte postale de l&rsquo;Algarve<\/a><\/p>\n<\/div>\n<\/div>\n\n<div class=\"wp-block-uagb-container uagb-block-3b46040a alignfull uagb-is-root-container\"><div class=\"uagb-container-inner-blocks-wrap\">\n<h2 class=\"wp-block-heading\">Code d\u2019\u00e9thique<\/h2>\n\n\n\n<p>Santos &amp; Barbara est une agence associ\u00e9e de l\u2019ANEL, r\u00e9gie par son code d\u2019\u00e9thique que vous pourrez t\u00e9l\u00e9charger ICI. T\u00e9l\u00e9chargez-le <a href=\"https:\/\/santosebarbara.pt\/wp-content\/uploads\/2019\/11\/c_digo_de_tica_profissional_anel.pdf\" data-type=\"attachment\" data-id=\"1881\" target=\"_blank\" rel=\"noreferrer noopener\">ici<\/a>. <\/p>\n<\/div><\/div>\n","protected":false},"excerpt":{"rendered":"<p>Santos &amp; Barbara a \u00e9t\u00e9 fond\u00e9e le 1er mai 1978 par Jo\u00e3o Sebasti\u00e3o dos Santos Barbara et son \u00e9pouse Maria [&hellip;]<\/p>\n","protected":false},"author":1,"featured_media":6216,"parent":0,"menu_order":0,"comment_status":"closed","ping_status":"closed","template":"","meta":{"_uag_custom_page_level_css":"","site-sidebar-layout":"default","site-content-layout":"","ast-site-content-layout":"","site-content-style":"default","site-sidebar-style":"default","ast-global-header-display":"","ast-banner-title-visibility":"","ast-main-header-display":"","ast-hfb-above-header-display":"","ast-hfb-below-header-display":"","ast-hfb-mobile-header-display":"","site-post-title":"disabled","ast-breadcrumbs-content":"","ast-featured-img":"","footer-sml-layout":"","theme-transparent-header-meta":"","adv-header-id-meta":"","stick-header-meta":"","header-above-stick-meta":"","header-main-stick-meta":"","header-below-stick-meta":"","astra-migrate-meta-layouts":"default","ast-page-background-enabled":"default","ast-page-background-meta":{"desktop":{"background-color":"var(--ast-global-color-5)","background-image":"","background-repeat":"repeat","background-position":"center center","background-size":"auto","background-attachment":"scroll","background-type":"","background-media":"","overlay-type":"","overlay-color":"","overlay-opacity":"","overlay-gradient":""},"tablet":{"background-color":"","background-image":"","background-repeat":"repeat","background-position":"center center","background-size":"auto","background-attachment":"scroll","background-type":"","background-media":"","overlay-type":"","overlay-color":"","overlay-opacity":"","overlay-gradient":""},"mobile":{"background-color":"","background-image":"","background-repeat":"repeat","background-position":"center center","background-size":"auto","background-attachment":"scroll","background-type":"","background-media":"","overlay-type":"","overlay-color":"","overlay-opacity":"","overlay-gradient":""}},"ast-content-background-meta":{"desktop":{"background-color":"var(--ast-global-color-4)","background-image":"","background-repeat":"repeat","background-position":"center center","background-size":"auto","background-attachment":"scroll","background-type":"","background-media":"","overlay-type":"","overlay-color":"","overlay-opacity":"","overlay-gradient":""},"tablet":{"background-color":"var(--ast-global-color-4)","background-image":"","background-repeat":"repeat","background-position":"center center","background-size":"auto","background-attachment":"scroll","background-type":"","background-media":"","overlay-type":"","overlay-color":"","overlay-opacity":"","overlay-gradient":""},"mobile":{"background-color":"var(--ast-global-color-4)","background-image":"","background-repeat":"repeat","background-position":"center center","background-size":"auto","background-attachment":"scroll","background-type":"","background-media":"","overlay-type":"","overlay-color":"","overlay-opacity":"","overlay-gradient":""}},"footnotes":""},"class_list":["post-6023","page","type-page","status-publish","has-post-thumbnail","hentry"],"yoast_head":"<!-- This site is optimized with the Yoast SEO plugin v26.0 - https:\/\/yoast.com\/wordpress\/plugins\/seo\/ -->\n<title>Qui sommes-nous - Santos e B\u00e1rbara<\/title>\n<meta name=\"robots\" content=\"index, follow, max-snippet:-1, max-image-preview:large, max-video-preview:-1\" \/>\n<link rel=\"canonical\" href=\"https:\/\/santosebarbara.pt\/fr\/qui-sommes-nous\/\" \/>\n<meta property=\"og:locale\" content=\"fr_FR\" \/>\n<meta property=\"og:type\" content=\"article\" \/>\n<meta property=\"og:title\" content=\"Qui sommes-nous - Santos e B\u00e1rbara\" \/>\n<meta property=\"og:description\" content=\"Santos &amp; Barbara a \u00e9t\u00e9 fond\u00e9e le 1er mai 1978 par Jo\u00e3o Sebasti\u00e3o dos Santos Barbara et son \u00e9pouse Maria [&hellip;]\" \/>\n<meta property=\"og:url\" content=\"https:\/\/santosebarbara.pt\/fr\/qui-sommes-nous\/\" \/>\n<meta property=\"og:site_name\" content=\"Santos e B\u00e1rbara\" \/>\n<meta property=\"article:modified_time\" content=\"2025-07-15T16:58:35+00:00\" \/>\n<meta property=\"og:image\" content=\"https:\/\/santosebarbara.pt\/wp-content\/uploads\/2025\/06\/quem-somos-crop-scaled.jpg\" \/>\n\t<meta property=\"og:image:width\" content=\"2560\" \/>\n\t<meta property=\"og:image:height\" content=\"1280\" \/>\n\t<meta property=\"og:image:type\" content=\"image\/jpeg\" \/>\n<meta name=\"twitter:card\" content=\"summary_large_image\" \/>\n<meta name=\"twitter:label1\" content=\"Dur\u00e9e de lecture estim\u00e9e\" \/>\n\t<meta name=\"twitter:data1\" content=\"1 minute\" \/>\n<script type=\"application\/ld+json\" class=\"yoast-schema-graph\">{\"@context\":\"https:\/\/schema.org\",\"@graph\":[{\"@type\":\"WebPage\",\"@id\":\"https:\/\/santosebarbara.pt\/fr\/qui-sommes-nous\/\",\"url\":\"https:\/\/santosebarbara.pt\/fr\/qui-sommes-nous\/\",\"name\":\"Qui sommes-nous - Santos e B\u00e1rbara\",\"isPartOf\":{\"@id\":\"https:\/\/santosebarbara.pt\/fr\/#website\"},\"primaryImageOfPage\":{\"@id\":\"https:\/\/santosebarbara.pt\/fr\/qui-sommes-nous\/#primaryimage\"},\"image\":{\"@id\":\"https:\/\/santosebarbara.pt\/fr\/qui-sommes-nous\/#primaryimage\"},\"thumbnailUrl\":\"https:\/\/santosebarbara.pt\/wp-content\/uploads\/2025\/06\/quem-somos-crop-scaled.jpg\",\"datePublished\":\"2025-06-02T10:38:40+00:00\",\"dateModified\":\"2025-07-15T16:58:35+00:00\",\"breadcrumb\":{\"@id\":\"https:\/\/santosebarbara.pt\/fr\/qui-sommes-nous\/#breadcrumb\"},\"inLanguage\":\"fr-FR\",\"potentialAction\":[{\"@type\":\"ReadAction\",\"target\":[\"https:\/\/santosebarbara.pt\/fr\/qui-sommes-nous\/\"]}]},{\"@type\":\"ImageObject\",\"inLanguage\":\"fr-FR\",\"@id\":\"https:\/\/santosebarbara.pt\/fr\/qui-sommes-nous\/#primaryimage\",\"url\":\"https:\/\/santosebarbara.pt\/wp-content\/uploads\/2025\/06\/quem-somos-crop-scaled.jpg\",\"contentUrl\":\"https:\/\/santosebarbara.pt\/wp-content\/uploads\/2025\/06\/quem-somos-crop-scaled.jpg\",\"width\":2560,\"height\":1280},{\"@type\":\"BreadcrumbList\",\"@id\":\"https:\/\/santosebarbara.pt\/fr\/qui-sommes-nous\/#breadcrumb\",\"itemListElement\":[{\"@type\":\"ListItem\",\"position\":1,\"name\":\"Home\",\"item\":\"https:\/\/santosebarbara.pt\/fr\/\"},{\"@type\":\"ListItem\",\"position\":2,\"name\":\"Qui sommes-nous\"}]},{\"@type\":\"WebSite\",\"@id\":\"https:\/\/santosebarbara.pt\/fr\/#website\",\"url\":\"https:\/\/santosebarbara.pt\/fr\/\",\"name\":\"Santos e B\u00e1rbara\",\"description\":\"\",\"publisher\":{\"@id\":\"https:\/\/santosebarbara.pt\/fr\/#organization\"},\"potentialAction\":[{\"@type\":\"SearchAction\",\"target\":{\"@type\":\"EntryPoint\",\"urlTemplate\":\"https:\/\/santosebarbara.pt\/fr\/?s={search_term_string}\"},\"query-input\":{\"@type\":\"PropertyValueSpecification\",\"valueRequired\":true,\"valueName\":\"search_term_string\"}}],\"inLanguage\":\"fr-FR\"},{\"@type\":\"Organization\",\"@id\":\"https:\/\/santosebarbara.pt\/fr\/#organization\",\"name\":\"Santos e B\u00e1rbara\",\"url\":\"https:\/\/santosebarbara.pt\/fr\/\",\"logo\":{\"@type\":\"ImageObject\",\"inLanguage\":\"fr-FR\",\"@id\":\"https:\/\/santosebarbara.pt\/fr\/#\/schema\/logo\/image\/\",\"url\":\"https:\/\/santosebarbara.pt\/wp-content\/uploads\/2019\/05\/01.SantosBarbara_RGB_v2-2.png\",\"contentUrl\":\"https:\/\/santosebarbara.pt\/wp-content\/uploads\/2019\/05\/01.SantosBarbara_RGB_v2-2.png\",\"width\":708,\"height\":221,\"caption\":\"Santos e B\u00e1rbara\"},\"image\":{\"@id\":\"https:\/\/santosebarbara.pt\/fr\/#\/schema\/logo\/image\/\"}}]}<\/script>\n<!-- \/ Yoast SEO plugin. -->","yoast_head_json":{"title":"Qui sommes-nous - Santos e B\u00e1rbara","robots":{"index":"index","follow":"follow","max-snippet":"max-snippet:-1","max-image-preview":"max-image-preview:large","max-video-preview":"max-video-preview:-1"},"canonical":"https:\/\/santosebarbara.pt\/fr\/qui-sommes-nous\/","og_locale":"fr_FR","og_type":"article","og_title":"Qui sommes-nous - Santos e B\u00e1rbara","og_description":"Santos &amp; Barbara a \u00e9t\u00e9 fond\u00e9e le 1er mai 1978 par Jo\u00e3o Sebasti\u00e3o dos Santos Barbara et son \u00e9pouse Maria [&hellip;]","og_url":"https:\/\/santosebarbara.pt\/fr\/qui-sommes-nous\/","og_site_name":"Santos e B\u00e1rbara","article_modified_time":"2025-07-15T16:58:35+00:00","og_image":[{"width":2560,"height":1280,"url":"https:\/\/santosebarbara.pt\/wp-content\/uploads\/2025\/06\/quem-somos-crop-scaled.jpg","type":"image\/jpeg"}],"twitter_card":"summary_large_image","twitter_misc":{"Dur\u00e9e de lecture estim\u00e9e":"1 minute"},"schema":{"@context":"https:\/\/schema.org","@graph":[{"@type":"WebPage","@id":"https:\/\/santosebarbara.pt\/fr\/qui-sommes-nous\/","url":"https:\/\/santosebarbara.pt\/fr\/qui-sommes-nous\/","name":"Qui sommes-nous - Santos e B\u00e1rbara","isPartOf":{"@id":"https:\/\/santosebarbara.pt\/fr\/#website"},"primaryImageOfPage":{"@id":"https:\/\/santosebarbara.pt\/fr\/qui-sommes-nous\/#primaryimage"},"image":{"@id":"https:\/\/santosebarbara.pt\/fr\/qui-sommes-nous\/#primaryimage"},"thumbnailUrl":"https:\/\/santosebarbara.pt\/wp-content\/uploads\/2025\/06\/quem-somos-crop-scaled.jpg","datePublished":"2025-06-02T10:38:40+00:00","dateModified":"2025-07-15T16:58:35+00:00","breadcrumb":{"@id":"https:\/\/santosebarbara.pt\/fr\/qui-sommes-nous\/#breadcrumb"},"inLanguage":"fr-FR","potentialAction":[{"@type":"ReadAction","target":["https:\/\/santosebarbara.pt\/fr\/qui-sommes-nous\/"]}]},{"@type":"ImageObject","inLanguage":"fr-FR","@id":"https:\/\/santosebarbara.pt\/fr\/qui-sommes-nous\/#primaryimage","url":"https:\/\/santosebarbara.pt\/wp-content\/uploads\/2025\/06\/quem-somos-crop-scaled.jpg","contentUrl":"https:\/\/santosebarbara.pt\/wp-content\/uploads\/2025\/06\/quem-somos-crop-scaled.jpg","width":2560,"height":1280},{"@type":"BreadcrumbList","@id":"https:\/\/santosebarbara.pt\/fr\/qui-sommes-nous\/#breadcrumb","itemListElement":[{"@type":"ListItem","position":1,"name":"Home","item":"https:\/\/santosebarbara.pt\/fr\/"},{"@type":"ListItem","position":2,"name":"Qui sommes-nous"}]},{"@type":"WebSite","@id":"https:\/\/santosebarbara.pt\/fr\/#website","url":"https:\/\/santosebarbara.pt\/fr\/","name":"Santos e B\u00e1rbara","description":"","publisher":{"@id":"https:\/\/santosebarbara.pt\/fr\/#organization"},"potentialAction":[{"@type":"SearchAction","target":{"@type":"EntryPoint","urlTemplate":"https:\/\/santosebarbara.pt\/fr\/?s={search_term_string}"},"query-input":{"@type":"PropertyValueSpecification","valueRequired":true,"valueName":"search_term_string"}}],"inLanguage":"fr-FR"},{"@type":"Organization","@id":"https:\/\/santosebarbara.pt\/fr\/#organization","name":"Santos e B\u00e1rbara","url":"https:\/\/santosebarbara.pt\/fr\/","logo":{"@type":"ImageObject","inLanguage":"fr-FR","@id":"https:\/\/santosebarbara.pt\/fr\/#\/schema\/logo\/image\/","url":"https:\/\/santosebarbara.pt\/wp-content\/uploads\/2019\/05\/01.SantosBarbara_RGB_v2-2.png","contentUrl":"https:\/\/santosebarbara.pt\/wp-content\/uploads\/2019\/05\/01.SantosBarbara_RGB_v2-2.png","width":708,"height":221,"caption":"Santos e B\u00e1rbara"},"image":{"@id":"https:\/\/santosebarbara.pt\/fr\/#\/schema\/logo\/image\/"}}]}},"uagb_featured_image_src":{"full":["https:\/\/santosebarbara.pt\/wp-content\/uploads\/2025\/06\/quem-somos-crop-scaled.jpg",2560,1280,false],"thumbnail":["https:\/\/santosebarbara.pt\/wp-content\/uploads\/2025\/06\/quem-somos-crop-150x150.jpg",150,150,true],"medium":["https:\/\/santosebarbara.pt\/wp-content\/uploads\/2025\/06\/quem-somos-crop-300x150.jpg",300,150,true],"medium_large":["https:\/\/santosebarbara.pt\/wp-content\/uploads\/2025\/06\/quem-somos-crop-768x384.jpg",768,384,true],"large":["https:\/\/santosebarbara.pt\/wp-content\/uploads\/2025\/06\/quem-somos-crop-1024x512.jpg",1024,512,true],"1536x1536":["https:\/\/santosebarbara.pt\/wp-content\/uploads\/2025\/06\/quem-somos-crop-1536x768.jpg",1536,768,true],"2048x2048":["https:\/\/santosebarbara.pt\/wp-content\/uploads\/2025\/06\/quem-somos-crop-2048x1024.jpg",2048,1024,true]},"uagb_author_info":{"display_name":"admin","author_link":"https:\/\/santosebarbara.pt\/fr\/author\/ais_admin\/"},"uagb_comment_info":0,"uagb_excerpt":"Santos &amp; Barbara a \u00e9t\u00e9 fond\u00e9e le 1er mai 1978 par Jo\u00e3o Sebasti\u00e3o dos Santos Barbara et son \u00e9pouse Maria [&hellip;]","_links":{"self":[{"href":"https:\/\/santosebarbara.pt\/fr\/wp-json\/wp\/v2\/pages\/6023","targetHints":{"allow":["GET"]}}],"collection":[{"href":"https:\/\/santosebarbara.pt\/fr\/wp-json\/wp\/v2\/pages"}],"about":[{"href":"https:\/\/santosebarbara.pt\/fr\/wp-json\/wp\/v2\/types\/page"}],"author":[{"embeddable":true,"href":"https:\/\/santosebarbara.pt\/fr\/wp-json\/wp\/v2\/users\/1"}],"replies":[{"embeddable":true,"href":"https:\/\/santosebarbara.pt\/fr\/wp-json\/wp\/v2\/comments?post=6023"}],"version-history":[{"count":0,"href":"https:\/\/santosebarbara.pt\/fr\/wp-json\/wp\/v2\/pages\/6023\/revisions"}],"wp:featuredmedia":[{"embeddable":true,"href":"https:\/\/santosebarbara.pt\/fr\/wp-json\/wp\/v2\/media\/6216"}],"wp:attachment":[{"href":"https:\/\/santosebarbara.pt\/fr\/wp-json\/wp\/v2\/media?parent=6023"}],"curies":[{"name":"wp","href":"https:\/\/api.w.org\/{rel}","templated":true}]}}