{"id":6036,"date":"2025-06-02T10:38:40","date_gmt":"2025-06-02T10:38:40","guid":{"rendered":"https:\/\/sb.allissingular.com\/politique-de-confidentialite\/"},"modified":"2025-06-23T08:12:58","modified_gmt":"2025-06-23T08:12:58","slug":"politique-de-confidentialite","status":"publish","type":"page","link":"https:\/\/santosebarbara.pt\/fr\/politique-de-confidentialite\/","title":{"rendered":"Politique de Confidentialit\u00e9"},"content":{"rendered":"\n<h2 class=\"wp-block-heading\">Qui nous sommes<\/h2>\n\n<p>L\u2019agence fun\u00e9raire Santos &amp; B\u00e1rbara est une entreprise bas\u00e9e au Portugal.<br\/>Par la pr\u00e9sente, nous visons \u00e0 vous faire conna\u00eetre notre Politique de confidentialit\u00e9 en vue de vous informer de vos droits, ainsi que de la fa\u00e7on dont nous recueillons et utilisons vos donn\u00e9es personnelles.<br\/><\/p>\n\n<h2 class=\"wp-block-heading\">Quelles sont les donn\u00e9es \u00e0 caract\u00e8re personnel recueillies et pourquoi<\/h2>\n\n<h3 class=\"wp-block-heading\">\u2013 Formulaires de contact<\/h3>\n\n<p>Lorsque vous remplissez un formulaire de contact, vos donn\u00e9es \u00e0 caract\u00e8re personnel sont recueillies et envoy\u00e9es en toute s\u00e9curit\u00e9 \u00e0 l\u00b4e-mail de destination de notre entreprise par notre serveur d\u2019e-mail. Les donn\u00e9es \u00e0 caract\u00e8re personnel recueillies sont limit\u00e9es au minimum n\u00e9cessaire pour \u00e9tablir le contact. Le contenu du formulaire est \u00e9galement stock\u00e9 dans notre base de donn\u00e9es du site, conform\u00e9ment au RGPD (R\u00e8glement g\u00e9n\u00e9ral sur la protection des donn\u00e9es).  <\/p>\n\n<p>Lorsque l\u2019on utilise le <strong>formulaire de contact<\/strong>, les donn\u00e9es qui y sont recueillies visent uniquement \u00e0 r\u00e9pondre aux demandes de renseignements du client, \u00e0 g\u00e9rer ses demandes et \u00e0 contr\u00f4ler la qualit\u00e9 des services fournis (nom, e-mail, t\u00e9l\u00e9phone) ;<\/p>\n\n<h3 class=\"wp-block-heading\">\u2013 Contenu incorpor\u00e9 provenant d\u2019autres sites<\/h3>\n\n<p>Les articles de ce site peuvent inclure du contenu incorpor\u00e9 (par exemple : vid\u00e9os, images, articles, etc.). Le contenu incorpor\u00e9 d\u2019autres sites se comporte de la m\u00eame mani\u00e8re que si l\u2019utilisateur visitait ces sites. <\/p>\n\n<p>Ce site peut recueillir des donn\u00e9es vous concernant, utiliser des cookies, incorporer un tra\u00e7age r\u00e9alis\u00e9 par des tiers, surveiller vos interactions avec ce dernier, y compris enregistrer les interactions avec du contenu incorpor\u00e9 si vous avez un compte et si vous avez une session ouverte sur ce site.<\/p>\n\n<h2 class=\"wp-block-heading\">Coordonn\u00e9es<\/h2>\n\n<p>Rua dos Fumeiros de Diante n\u00ba8,<br\/>8800-322 Tavira<\/p>\n\n<h2 class=\"wp-block-heading\">Cookies Policy<\/h2>\n\n<p>Lors de la navigation sur le site Web de Santosebarbara, des cookies sont utilis\u00e9s qui, cependant, ne collectent pas d\u2019informations identifiant l\u2019utilisateur. Des informations g\u00e9n\u00e9riques sont collect\u00e9es, y compris la fa\u00e7on dont les utilisateurs utilisent le site Web.<br\/>Les informations collect\u00e9es sont utilis\u00e9es dans le but de suivre le nombre de visites et d\u2019\u00e9tudes statistiques, ainsi que pour garantir le bon fonctionnement du site et pour faciliter la navigation et am\u00e9liorer l\u2019exp\u00e9rience utilisateur.<br\/>Si vous ne souhaitez pas accepter les cookies, vous pouvez \u00e0 tout moment configurer votre ordinateur pour qu\u2019il soit averti chaque fois qu\u2019un cookie est envoy\u00e9 ou d\u00e9sactiver et bloquer tous les cookies via votre navigateur. <\/p>\n","protected":false},"excerpt":{"rendered":"<p>Qui nous sommes L\u2019agence fun\u00e9raire Santos &amp; B\u00e1rbara est une entreprise bas\u00e9e au Portugal.Par la pr\u00e9sente, nous visons \u00e0 vous [&hellip;]<\/p>\n","protected":false},"author":1,"featured_media":0,"parent":0,"menu_order":0,"comment_status":"closed","ping_status":"closed","template":"","meta":{"_uag_custom_page_level_css":"","site-sidebar-layout":"default","site-content-layout":"","ast-site-content-layout":"default","site-content-style":"default","site-sidebar-style":"default","ast-global-header-display":"","ast-banner-title-visibility":"","ast-main-header-display":"","ast-hfb-above-header-display":"","ast-hfb-below-header-display":"","ast-hfb-mobile-header-display":"","site-post-title":"","ast-breadcrumbs-content":"","ast-featured-img":"","footer-sml-layout":"","theme-transparent-header-meta":"","adv-header-id-meta":"","stick-header-meta":"","header-above-stick-meta":"","header-main-stick-meta":"","header-below-stick-meta":"","astra-migrate-meta-layouts":"default","ast-page-background-enabled":"default","ast-page-background-meta":{"desktop":{"background-color":"var(--ast-global-color-5)","background-image":"","background-repeat":"repeat","background-position":"center center","background-size":"auto","background-attachment":"scroll","background-type":"","background-media":"","overlay-type":"","overlay-color":"","overlay-opacity":"","overlay-gradient":""},"tablet":{"background-color":"","background-image":"","background-repeat":"repeat","background-position":"center center","background-size":"auto","background-attachment":"scroll","background-type":"","background-media":"","overlay-type":"","overlay-color":"","overlay-opacity":"","overlay-gradient":""},"mobile":{"background-color":"","background-image":"","background-repeat":"repeat","background-position":"center center","background-size":"auto","background-attachment":"scroll","background-type":"","background-media":"","overlay-type":"","overlay-color":"","overlay-opacity":"","overlay-gradient":""}},"ast-content-background-meta":{"desktop":{"background-color":"var(--ast-global-color-4)","background-image":"","background-repeat":"repeat","background-position":"center center","background-size":"auto","background-attachment":"scroll","background-type":"","background-media":"","overlay-type":"","overlay-color":"","overlay-opacity":"","overlay-gradient":""},"tablet":{"background-color":"var(--ast-global-color-4)","background-image":"","background-repeat":"repeat","background-position":"center center","background-size":"auto","background-attachment":"scroll","background-type":"","background-media":"","overlay-type":"","overlay-color":"","overlay-opacity":"","overlay-gradient":""},"mobile":{"background-color":"var(--ast-global-color-4)","background-image":"","background-repeat":"repeat","background-position":"center center","background-size":"auto","background-attachment":"scroll","background-type":"","background-media":"","overlay-type":"","overlay-color":"","overlay-opacity":"","overlay-gradient":""}},"footnotes":""},"class_list":["post-6036","page","type-page","status-publish","hentry"],"yoast_head":"<!-- This site is optimized with the Yoast SEO plugin v26.0 - https:\/\/yoast.com\/wordpress\/plugins\/seo\/ -->\n<title>Politique de Confidentialit\u00e9 - Santos e B\u00e1rbara<\/title>\n<meta name=\"robots\" content=\"index, follow, max-snippet:-1, max-image-preview:large, max-video-preview:-1\" \/>\n<link rel=\"canonical\" href=\"https:\/\/santosebarbara.pt\/fr\/politique-de-confidentialite\/\" \/>\n<meta property=\"og:locale\" content=\"fr_FR\" \/>\n<meta property=\"og:type\" content=\"article\" \/>\n<meta property=\"og:title\" content=\"Politique de Confidentialit\u00e9 - Santos e B\u00e1rbara\" \/>\n<meta property=\"og:description\" content=\"Qui nous sommes L\u2019agence fun\u00e9raire Santos &amp; B\u00e1rbara est une entreprise bas\u00e9e au Portugal.Par la pr\u00e9sente, nous visons \u00e0 vous [&hellip;]\" \/>\n<meta property=\"og:url\" content=\"https:\/\/santosebarbara.pt\/fr\/politique-de-confidentialite\/\" \/>\n<meta property=\"og:site_name\" content=\"Santos e B\u00e1rbara\" \/>\n<meta property=\"article:modified_time\" content=\"2025-06-23T08:12:58+00:00\" \/>\n<meta name=\"twitter:card\" content=\"summary_large_image\" \/>\n<meta name=\"twitter:label1\" content=\"Dur\u00e9e de lecture estim\u00e9e\" \/>\n\t<meta name=\"twitter:data1\" content=\"2 minutes\" \/>\n<script type=\"application\/ld+json\" class=\"yoast-schema-graph\">{\"@context\":\"https:\/\/schema.org\",\"@graph\":[{\"@type\":\"WebPage\",\"@id\":\"https:\/\/santosebarbara.pt\/fr\/politique-de-confidentialite\/\",\"url\":\"https:\/\/santosebarbara.pt\/fr\/politique-de-confidentialite\/\",\"name\":\"Politique de Confidentialit\u00e9 - Santos e B\u00e1rbara\",\"isPartOf\":{\"@id\":\"https:\/\/santosebarbara.pt\/fr\/#website\"},\"datePublished\":\"2025-06-02T10:38:40+00:00\",\"dateModified\":\"2025-06-23T08:12:58+00:00\",\"breadcrumb\":{\"@id\":\"https:\/\/santosebarbara.pt\/fr\/politique-de-confidentialite\/#breadcrumb\"},\"inLanguage\":\"fr-FR\",\"potentialAction\":[{\"@type\":\"ReadAction\",\"target\":[\"https:\/\/santosebarbara.pt\/fr\/politique-de-confidentialite\/\"]}]},{\"@type\":\"BreadcrumbList\",\"@id\":\"https:\/\/santosebarbara.pt\/fr\/politique-de-confidentialite\/#breadcrumb\",\"itemListElement\":[{\"@type\":\"ListItem\",\"position\":1,\"name\":\"Home\",\"item\":\"https:\/\/santosebarbara.pt\/fr\/\"},{\"@type\":\"ListItem\",\"position\":2,\"name\":\"Politique de Confidentialit\u00e9\"}]},{\"@type\":\"WebSite\",\"@id\":\"https:\/\/santosebarbara.pt\/fr\/#website\",\"url\":\"https:\/\/santosebarbara.pt\/fr\/\",\"name\":\"Santos e B\u00e1rbara\",\"description\":\"\",\"publisher\":{\"@id\":\"https:\/\/santosebarbara.pt\/fr\/#organization\"},\"potentialAction\":[{\"@type\":\"SearchAction\",\"target\":{\"@type\":\"EntryPoint\",\"urlTemplate\":\"https:\/\/santosebarbara.pt\/fr\/?s={search_term_string}\"},\"query-input\":{\"@type\":\"PropertyValueSpecification\",\"valueRequired\":true,\"valueName\":\"search_term_string\"}}],\"inLanguage\":\"fr-FR\"},{\"@type\":\"Organization\",\"@id\":\"https:\/\/santosebarbara.pt\/fr\/#organization\",\"name\":\"Santos e B\u00e1rbara\",\"url\":\"https:\/\/santosebarbara.pt\/fr\/\",\"logo\":{\"@type\":\"ImageObject\",\"inLanguage\":\"fr-FR\",\"@id\":\"https:\/\/santosebarbara.pt\/fr\/#\/schema\/logo\/image\/\",\"url\":\"https:\/\/santosebarbara.pt\/wp-content\/uploads\/2019\/05\/01.SantosBarbara_RGB_v2-2.png\",\"contentUrl\":\"https:\/\/santosebarbara.pt\/wp-content\/uploads\/2019\/05\/01.SantosBarbara_RGB_v2-2.png\",\"width\":708,\"height\":221,\"caption\":\"Santos e B\u00e1rbara\"},\"image\":{\"@id\":\"https:\/\/santosebarbara.pt\/fr\/#\/schema\/logo\/image\/\"}}]}<\/script>\n<!-- \/ Yoast SEO plugin. -->","yoast_head_json":{"title":"Politique de Confidentialit\u00e9 - Santos e B\u00e1rbara","robots":{"index":"index","follow":"follow","max-snippet":"max-snippet:-1","max-image-preview":"max-image-preview:large","max-video-preview":"max-video-preview:-1"},"canonical":"https:\/\/santosebarbara.pt\/fr\/politique-de-confidentialite\/","og_locale":"fr_FR","og_type":"article","og_title":"Politique de Confidentialit\u00e9 - Santos e B\u00e1rbara","og_description":"Qui nous sommes L\u2019agence fun\u00e9raire Santos &amp; B\u00e1rbara est une entreprise bas\u00e9e au Portugal.Par la pr\u00e9sente, nous visons \u00e0 vous [&hellip;]","og_url":"https:\/\/santosebarbara.pt\/fr\/politique-de-confidentialite\/","og_site_name":"Santos e B\u00e1rbara","article_modified_time":"2025-06-23T08:12:58+00:00","twitter_card":"summary_large_image","twitter_misc":{"Dur\u00e9e de lecture estim\u00e9e":"2 minutes"},"schema":{"@context":"https:\/\/schema.org","@graph":[{"@type":"WebPage","@id":"https:\/\/santosebarbara.pt\/fr\/politique-de-confidentialite\/","url":"https:\/\/santosebarbara.pt\/fr\/politique-de-confidentialite\/","name":"Politique de Confidentialit\u00e9 - Santos e B\u00e1rbara","isPartOf":{"@id":"https:\/\/santosebarbara.pt\/fr\/#website"},"datePublished":"2025-06-02T10:38:40+00:00","dateModified":"2025-06-23T08:12:58+00:00","breadcrumb":{"@id":"https:\/\/santosebarbara.pt\/fr\/politique-de-confidentialite\/#breadcrumb"},"inLanguage":"fr-FR","potentialAction":[{"@type":"ReadAction","target":["https:\/\/santosebarbara.pt\/fr\/politique-de-confidentialite\/"]}]},{"@type":"BreadcrumbList","@id":"https:\/\/santosebarbara.pt\/fr\/politique-de-confidentialite\/#breadcrumb","itemListElement":[{"@type":"ListItem","position":1,"name":"Home","item":"https:\/\/santosebarbara.pt\/fr\/"},{"@type":"ListItem","position":2,"name":"Politique de Confidentialit\u00e9"}]},{"@type":"WebSite","@id":"https:\/\/santosebarbara.pt\/fr\/#website","url":"https:\/\/santosebarbara.pt\/fr\/","name":"Santos e B\u00e1rbara","description":"","publisher":{"@id":"https:\/\/santosebarbara.pt\/fr\/#organization"},"potentialAction":[{"@type":"SearchAction","target":{"@type":"EntryPoint","urlTemplate":"https:\/\/santosebarbara.pt\/fr\/?s={search_term_string}"},"query-input":{"@type":"PropertyValueSpecification","valueRequired":true,"valueName":"search_term_string"}}],"inLanguage":"fr-FR"},{"@type":"Organization","@id":"https:\/\/santosebarbara.pt\/fr\/#organization","name":"Santos e B\u00e1rbara","url":"https:\/\/santosebarbara.pt\/fr\/","logo":{"@type":"ImageObject","inLanguage":"fr-FR","@id":"https:\/\/santosebarbara.pt\/fr\/#\/schema\/logo\/image\/","url":"https:\/\/santosebarbara.pt\/wp-content\/uploads\/2019\/05\/01.SantosBarbara_RGB_v2-2.png","contentUrl":"https:\/\/santosebarbara.pt\/wp-content\/uploads\/2019\/05\/01.SantosBarbara_RGB_v2-2.png","width":708,"height":221,"caption":"Santos e B\u00e1rbara"},"image":{"@id":"https:\/\/santosebarbara.pt\/fr\/#\/schema\/logo\/image\/"}}]}},"uagb_featured_image_src":{"full":false,"thumbnail":false,"medium":false,"medium_large":false,"large":false,"1536x1536":false,"2048x2048":false},"uagb_author_info":{"display_name":"admin","author_link":"https:\/\/santosebarbara.pt\/fr\/author\/ais_admin\/"},"uagb_comment_info":0,"uagb_excerpt":"Qui nous sommes L\u2019agence fun\u00e9raire Santos &amp; B\u00e1rbara est une entreprise bas\u00e9e au Portugal.Par la pr\u00e9sente, nous visons \u00e0 vous [&hellip;]","_links":{"self":[{"href":"https:\/\/santosebarbara.pt\/fr\/wp-json\/wp\/v2\/pages\/6036","targetHints":{"allow":["GET"]}}],"collection":[{"href":"https:\/\/santosebarbara.pt\/fr\/wp-json\/wp\/v2\/pages"}],"about":[{"href":"https:\/\/santosebarbara.pt\/fr\/wp-json\/wp\/v2\/types\/page"}],"author":[{"embeddable":true,"href":"https:\/\/santosebarbara.pt\/fr\/wp-json\/wp\/v2\/users\/1"}],"replies":[{"embeddable":true,"href":"https:\/\/santosebarbara.pt\/fr\/wp-json\/wp\/v2\/comments?post=6036"}],"version-history":[{"count":0,"href":"https:\/\/santosebarbara.pt\/fr\/wp-json\/wp\/v2\/pages\/6036\/revisions"}],"wp:attachment":[{"href":"https:\/\/santosebarbara.pt\/fr\/wp-json\/wp\/v2\/media?parent=6036"}],"curies":[{"name":"wp","href":"https:\/\/api.w.org\/{rel}","templated":true}]}}